{"id":1053,"date":"2026-03-04T18:49:13","date_gmt":"2026-03-04T17:49:13","guid":{"rendered":"https:\/\/www.hotelgradara.com\/?page_id=1053"},"modified":"2026-03-08T20:24:44","modified_gmt":"2026-03-08T19:24:44","slug":"padel-club","status":"publish","type":"page","link":"https:\/\/www.hotelgradara.com\/de\/padel-club\/","title":{"rendered":"PADEL CLUB"},"content":{"rendered":"<section class=\"l-Section u-Container--Fluid u-Container--Md u-Pt--Md\">\n<div class=\"c-Portlet\">\n<div class=\"c-Portlet__Body\">\n<div class=\"o-Text u-Text-Align--Phone-Center\">\n<div class=\"o-Text__H6 u-Typography--Secondary u-Typography--Light u-Color--Text-Base o-Scroll-Element\" data-mayhem-scroll-reveal=\"{&quot;delay&quot;:200,&quot;distance&quot;:&quot;10px&quot;,&quot;duration&quot;:1200}\" data-sr-id=\"0\">\n<p>Im Jahr 2026 er\u00f6ffneten wir <strong>drei Padel-Hallenpl\u00e4tze<\/strong>, die sich ideal f\u00fcr ganzj\u00e4hriges Spielen in einem modernen und ansprechenden Ambiente eignen. Die Hallen garantieren in jeder Jahreszeit perfekte Spielbedingungen, gesch\u00fctzt vor Regen, Wind und Hitze. Die Pl\u00e4tze sind mit modernstem Kunstrasen, gut sichtbarer LED-Beleuchtung und gro\u00dfz\u00fcgigen Laufwegen f\u00fcr maximalen Spielkomfort ausgestattet.<\/p>\n<p>Die Anlage verf\u00fcgt \u00fcber <strong>Umkleider\u00e4ume<\/strong> mit Duschen und sauberen, komfortablen Bereichen. Ein Service, der allen Spielern Komfort und Wohlbefinden bietet.<\/p>\n<p>Sie finden uns <strong>in Bellaria, Via Belvedere 22.<\/strong><\/p>\n<\/div>\n<p><strong>TRAININGSPROGRAMM MIT DEN BESTEN FITP-INSTRUCTOREN<\/strong><\/p>\n<p>Unsere <strong>nationalen Padel-Instruktoren<\/strong> <strong>Andrea Godio und Riccardo Rondinelli<\/strong> unterst\u00fctzen sowohl Anf\u00e4nger als auch Fortgeschrittene. Sie bieten Einzel- und Gruppenunterricht an und garantieren so einen individuellen und erstklassigen Service. Schl\u00e4ger k\u00f6nnen ausgeliehen werden.<\/p>\n<p>Der <strong>Unterricht findet t\u00e4glich von 8:00 bis 23:00 Uhr statt<\/strong>, eine Reservierung ist erforderlich.<\/p>\n<\/div>\n<\/div>\n<\/div>\n<\/section>\n<section class=\"l-Section l-Section--Bordered u-Container--Fluid u-Container--Sm u-Pb--Xl\">\n<div class=\"o-Text u-Text-Align--Phone-Center\">\n<h2 class=\"l-Section__Title o-Text__H2 u-Typography--Light u-Color--Primary u-Typography--Split u-Background--Base words splitting\"><span class=\"word\" data-word=\"INFO\" data-sr-id=\"9\">INFO UND PLATZ RESERVIEREN<\/span><\/h2>\n<div class=\"l-Section__Caption o-Text__H6 u-Typography--Secondary u-Color--Text-Base u-Pt--Sm o-Scroll-Element\" data-mayhem-scroll-reveal=\"{&quot;delay&quot;:200,&quot;distance&quot;:&quot;10px&quot;,&quot;duration&quot;:1200}\" data-sr-id=\"2\">\n<p><img decoding=\"async\" src=\"https:\/\/hoteldoor.blob.core.windows.net\/marepinetaresort\/icons\/phone.svg\" alt=\"\" \/><\/p>\n<p class=\"p1\">+39 3471582790<\/p>\n<p><img decoding=\"async\" src=\"https:\/\/hoteldoor.blob.core.windows.net\/marepinetaresort\/icons\/Clock.svg\" alt=\"\" \/><\/p>\n<p class=\"p1\"><strong>von M\u00e4rz bis Oktober,<\/strong><br \/>\n<strong>jeden Tag von 08:00 bis 23:00<\/strong> zug\u00e4nglich<\/p>\n<\/div>\n<p>&nbsp;<\/p>\n<\/div>\n<\/section>\n","protected":false},"excerpt":{"rendered":"<p>Im Jahr 2026 er\u00f6ffneten wir drei Padel-Hallenpl\u00e4tze, die sich ideal f\u00fcr ganzj\u00e4hriges Spielen in einem modernen und ansprechenden Ambiente eignen. Die Hallen garantieren in jeder Jahreszeit perfekte Spielbedingungen, gesch\u00fctzt vor Regen, Wind und Hitze. Die Pl\u00e4tze sind mit modernstem Kunstrasen, gut sichtbarer LED-Beleuchtung und gro\u00dfz\u00fcgigen Laufwegen f\u00fcr maximalen Spielkomfort ausgestattet. Die Anlage verf\u00fcgt \u00fcber Umkleider\u00e4ume mit Duschen und sauberen, komfortablen Bereichen. Ein Service, der allen Spielern Komfort und Wohlbefinden bietet. &#8230;<\/p>\n","protected":false},"author":4,"featured_media":0,"parent":0,"menu_order":0,"comment_status":"closed","ping_status":"closed","template":"","meta":{"_acf_changed":false},"class_list":["post-1053","page","type-page","status-publish","hentry"],"acf":[],"_links":{"self":[{"href":"https:\/\/www.hotelgradara.com\/de\/wp-json\/wp\/v2\/pages\/1053","targetHints":{"allow":["GET"]}}],"collection":[{"href":"https:\/\/www.hotelgradara.com\/de\/wp-json\/wp\/v2\/pages"}],"about":[{"href":"https:\/\/www.hotelgradara.com\/de\/wp-json\/wp\/v2\/types\/page"}],"author":[{"embeddable":true,"href":"https:\/\/www.hotelgradara.com\/de\/wp-json\/wp\/v2\/users\/4"}],"replies":[{"embeddable":true,"href":"https:\/\/www.hotelgradara.com\/de\/wp-json\/wp\/v2\/comments?post=1053"}],"version-history":[{"count":0,"href":"https:\/\/www.hotelgradara.com\/de\/wp-json\/wp\/v2\/pages\/1053\/revisions"}],"wp:attachment":[{"href":"https:\/\/www.hotelgradara.com\/de\/wp-json\/wp\/v2\/media?parent=1053"}],"curies":[{"name":"wp","href":"https:\/\/api.w.org\/{rel}","templated":true}]}}