{"id":381,"date":"2020-05-28T08:57:13","date_gmt":"2020-05-28T06:57:13","guid":{"rendered":"https:\/\/www.hotelgradara.com\/tariffe\/"},"modified":"2026-02-03T14:40:49","modified_gmt":"2026-02-03T13:40:49","slug":"preisliste","status":"publish","type":"page","link":"https:\/\/www.hotelgradara.com\/de\/preisliste\/","title":{"rendered":"Preisliste 2026"},"content":{"rendered":"<p>Das Hotel Gradara, ein 3-Sterne-Superior-Hotel in Bellaria Igea Marina, f\u00fcr einen echten All-Inclusive-Urlaub!<\/p>\n<p><strong>Das Vollpension steht inbeggriffen:<\/strong><\/p>\n<ul>\n<li>Fr\u00fchst\u00fccksbuffen, Mittag und Abendessen mit Menu w\u00e4hlen, gem\u00fcse Salat buffet, bedienung.<\/li>\n<li>Getraenke im Speisesal (Wasser, Wine, Orangina, Limonade, Cola.<\/li>\n<\/ul>\n<p><strong><br \/>\nDas unsere Hotel bietet Kostenlos:<\/strong><\/p>\n<ul>\n<li>Aufzug, Bar, Fahrr\u00e4der f\u00fcr die Kunden mit R\u00e4ume zum abstellen, Wasserstrahlmassage mit Warmes Wasser 30\u00b0, Schwimmbad, Parkplatz, TV raume, Wi-fi, Solarium Terrasse<\/li>\n<\/ul>\n<p><strong>In allen Zimmern finden Sie:<\/strong><\/p>\n<ul>\n<li>Zimmer Renovierte, Klimaanlage, Heitzung,TV mit Sat empfang, Safe, Duschekabine im Badezimmer, internet, Balkon.<\/li>\n<\/ul>\n<p>Das Hotel Gradara <strong>entfernt die Preisliste<\/strong>, damit der Angebotspreis f\u00fcr Ihren Urlaub je nach gew\u00e4hltem Aufenthaltsdatum und Monat, in dem Sie Ihre Reservierung vornehmen, niedriger oder h\u00f6her sein kann. Der Preis Ihres Urlaubs wird Ihnen jederzeit telefonisch, per E-Mail oder bei der Online-Buchung mitgeteilt.<\/p>\n<h4>Ermassigung fuer Kinder in Zimmer mit 2 Erwachsene<\/h4>\n<ul>\n<li>Kinder bis 2 Jahre Kostenlos<\/li>\n<li>Kinder vom 2 bis 4 Jahre 50% Erm\u00e4ssigung<\/li>\n<li>Kinder vom 5 bis 7 Jahre 40% Erm\u00e4ssigung<\/li>\n<li>Kinder vom 8 bis 13 Jahre 20% Erm\u00e4ssigung<\/li>\n<\/ul>\n<p><strong>FAMILIEANGEBOT<\/strong> 2+2=3 bis 12 Jahre (in einem Vierbettzimmer)<br \/>\n<strong>HALBPENSION<\/strong> Ermassigung \u20ac 5 pro Tag pro Person<\/p>\n<h4>Zuschlag<\/h4>\n<ul>\n<li><strong>kleine und mittelgro\u00dfe Haustiere<\/strong> \u20ac 5 pro Tag<\/li>\n<li><strong>Doppelzimmer zur Einzelnutzung<\/strong> auf Anfrage<\/li>\n<\/ul>\n<h4>Kurtaxe<\/h4>\n<p>Ab 2025 wird die Gemeinde Bellaria \u2013 Igea Marina die Kurtaxe einf\u00fchren, die in bar bezahlt wird und daher nicht im Ihnen mitgeteilten Gesamtpreis enthalten ist.<\/p>\n<p>KURTAXE \u20ac1,50 PRO TAG MAXIMAL 6 N\u00c4CHTE Minderj\u00e4hrige unter 18 JAHREN sind von der Berechnung befreit<\/p>\n<h2>Check in &amp; Check out:<\/h2>\n<p>Das Zimmer steht zurVerf\u00fcgung des G\u00e4stes ab 12 uhr des tages von Ankunft und muss um 10 uhr des Abfahrtages freige.<br \/>\nBei Pensionsamangements wir kein Ermaessigung gewaehrt, wenn ienzeine Mahlzeiten nicht im Hotel einganommen werden, auf Wunsch des Gastes kann ein Picknick vorbeiter werden. Nimmt der Gast des bestellt Zimmer nich ab vereimbarten Tag in Anspruch oder gibt er es vor dem veneimbarten Tag auf, so wir das Hotel nur den Zimmerpres (ohne Pension) berechnen.<\/p>\n<p><strong>\u00d6ffnungszeiten des Restaurants:<\/strong><br \/>\nFr\u00fchst\u00fcck vom 07:30 bis 10:00<br \/>\nMittagessen ab 12:30<br \/>\nAbendessen ab 19:30<\/p>\n<p>&nbsp;<\/p>\n<h2>BUCHUNGSBEDINGUNGEN<\/h2>\n<p>Bei Buchungsbest\u00e4tigung ist eine Mindesteinzahlung von \u20ac 300,00 erforderlich.<br \/>\n<strong>Im Falle einer Stornierung \u00a0bis 14 Tage vor Anreise<\/strong> wird die Anzahlung nicht zur\u00fcckerstattet, sondern eingefroren mit der M\u00f6glichkeit, in der Sommersaison desselben Jahres einen weiteren Urlaub zu nehmen.<br \/>\n<strong>Nach Ablauf dieser Frist<\/strong> wird bei Stornierungen oder Nichterscheinen die volle Anzahlung einbehalten.<\/p>\n<p><strong>\u00c4nderungen am Aufenthalt<\/strong><br \/>\nBei versp\u00e4teter Ankunft oder vorzeitiger Abreise (im Vergleich zur vereinbarten Zeit) wird der vereinbarte Preis berechnet. Nicht verzehrte Mahlzeiten werden auf Wunsch durch ein Mittagessen zum Mitnehmen ersetzt.<\/p>\n<p>&nbsp;<\/p>\n","protected":false},"excerpt":{"rendered":"<p>Das Hotel Gradara, ein 3-Sterne-Superior-Hotel in Bellaria Igea Marina, f\u00fcr einen echten All-Inclusive-Urlaub! Das Vollpension steht inbeggriffen: Fr\u00fchst\u00fccksbuffen, Mittag und Abendessen mit Menu w\u00e4hlen, gem\u00fcse Salat buffet, bedienung. Getraenke im Speisesal (Wasser, Wine, Orangina, Limonade, Cola. Das unsere Hotel bietet Kostenlos: Aufzug, Bar, Fahrr\u00e4der f\u00fcr die Kunden mit R\u00e4ume zum abstellen, Wasserstrahlmassage mit Warmes Wasser 30\u00b0, Schwimmbad, Parkplatz, TV raume, Wi-fi, Solarium Terrasse In allen Zimmern finden Sie: Zimmer Renovierte, &#8230;<\/p>\n","protected":false},"author":1,"featured_media":0,"parent":0,"menu_order":2,"comment_status":"closed","ping_status":"closed","template":"","meta":{"_acf_changed":false},"class_list":["post-381","page","type-page","status-publish","hentry"],"acf":[],"_links":{"self":[{"href":"https:\/\/www.hotelgradara.com\/de\/wp-json\/wp\/v2\/pages\/381","targetHints":{"allow":["GET"]}}],"collection":[{"href":"https:\/\/www.hotelgradara.com\/de\/wp-json\/wp\/v2\/pages"}],"about":[{"href":"https:\/\/www.hotelgradara.com\/de\/wp-json\/wp\/v2\/types\/page"}],"author":[{"embeddable":true,"href":"https:\/\/www.hotelgradara.com\/de\/wp-json\/wp\/v2\/users\/1"}],"replies":[{"embeddable":true,"href":"https:\/\/www.hotelgradara.com\/de\/wp-json\/wp\/v2\/comments?post=381"}],"version-history":[{"count":0,"href":"https:\/\/www.hotelgradara.com\/de\/wp-json\/wp\/v2\/pages\/381\/revisions"}],"wp:attachment":[{"href":"https:\/\/www.hotelgradara.com\/de\/wp-json\/wp\/v2\/media?parent=381"}],"curies":[{"name":"wp","href":"https:\/\/api.w.org\/{rel}","templated":true}]}}