{"id":419,"date":"2017-01-19T15:59:32","date_gmt":"2017-01-19T14:59:32","guid":{"rendered":"https:\/\/www.hotelgradara.com\/privacy\/"},"modified":"2020-12-07T17:09:03","modified_gmt":"2020-12-07T16:09:03","slug":"privacy","status":"publish","type":"page","link":"https:\/\/www.hotelgradara.com\/de\/privacy\/","title":{"rendered":"Information zum Datenschutz Hotel Gradara"},"content":{"rendered":"<p><strong>Verarbeitung der personenbezogenen Daten<\/strong><br \/>\nF\u00fcr uns vom Hotel Gradara ist der Schutz Ihrer Daten ein wichtiges Anliegen; deshalb erfolgt die Verarbeitung Ihrer Daten mit der gegebenen Sorgfalt gem\u00e4\u00df den Vorgaben der italienischen Gesetzesverordnung Nr. 196\/2003 des Gesetzes zum Schutz personenbezogener Daten, auch unter Bezugnahme auf die Empfehlung Nr. 2\/2001 der europ\u00e4ischen Beh\u00f6rden f\u00fcr den Schutz personenbezogener Daten, welche von der nach Art. 29 der Europ\u00e4ischen Richtlinie Nr. 95\/46\/EG eingerichteten Gruppe am 17. Mai 2001 ausgegeben wurde, um einige Mindestanforderungen f\u00fcr die Online-Sammlung personenbezogener Daten festzulegen.<\/p>\n<p><strong>Rechtsinhaber der Datenverarbeitung<\/strong><br \/>\nIm Anschluss an die Konsultation der vorliegenden Website k\u00f6nnen Daten bez\u00fcglich identifizierten oder identifizierbaren Personen verarbeitet werden. Der Rechtsinhaber der Datenverarbeitung Hotel Gradara viale Italia 31- Bellaria, RN 47814.<\/p>\n<p><strong>Freiwilligkeit der Datenangabe<\/strong><br \/>\nDem Benutzer steht es frei, die personenbezogenen Daten in den Anfrageformularen des Hotel Gradara anzugeben, welche auf jeden Fall in Kontakten aufgef\u00fchrt sind, um die Sendung von Informationsmaterial oder anderen Mitteilungen anzufordern. Ohne deren Angabe kann es gegebenenfalls nicht m\u00f6glich sein, die vorliegenden Anfragen zu beantworten.<\/p>\n<p><strong>Datenverarbeitungsverfahren<\/strong><br \/>\nDie personenbezogenen Daten werden mit automatisierten Tools nur solange verarbeitet, wie dies f\u00fcr das Erreichen der Ziele, f\u00fcr die sie gesammelt werden, unbedingt erforderlich ist. Spezifische Sicherheitsma\u00dfnahmen werden ergriffen, um dem Verlust der Daten, unberechtigten oder unkorrekten Verwendungen und nicht autorisierten Zugriffen vorzubeugen.<\/p>\n<p><strong>Rechte der betreffenden Personen<\/strong><br \/>\nDie Subjekte, auf die sich die personenbezogenen Daten beziehen, haben das Recht, jederzeit die Best\u00e4tigung der Existenz oder Nichtexistenz der betreffenden Daten zu erhalten, deren Inhalt und Ursprung zu erfahren, deren Exaktheit zu \u00fcberpr\u00fcfen, deren Erg\u00e4nzung bzw. Aktualisierung oder deren Berichtigung einzufordern (Art. 7 der italienischen Gesetzesverordnung Nr. 196\/2003). Im Sinne des gleichen Artikels haben die betreffenden Personen das Recht, die L\u00f6schung, die Anonymisierung oder die Blockierung der entgegen den Gesetzesvorgaben verarbeiteten Daten einzufordern sowie sich auf jeden Fall ihrer Verarbeitung, aus berechtigten Gr\u00fcnden, zu widersetzen.<\/p>\n","protected":false},"excerpt":{"rendered":"<p>Verarbeitung der personenbezogenen Daten F\u00fcr uns vom Hotel Gradara ist der Schutz Ihrer Daten ein wichtiges Anliegen; deshalb erfolgt die Verarbeitung Ihrer Daten mit der gegebenen Sorgfalt gem\u00e4\u00df den Vorgaben der italienischen Gesetzesverordnung Nr. 196\/2003 des Gesetzes zum Schutz personenbezogener Daten, auch unter Bezugnahme auf die Empfehlung Nr. 2\/2001 der europ\u00e4ischen Beh\u00f6rden f\u00fcr den Schutz personenbezogener Daten, welche von der nach Art. 29 der Europ\u00e4ischen Richtlinie Nr. 95\/46\/EG eingerichteten Gruppe &#8230;<\/p>\n","protected":false},"author":1,"featured_media":0,"parent":0,"menu_order":42,"comment_status":"closed","ping_status":"closed","template":"","meta":{"_acf_changed":false},"class_list":["post-419","page","type-page","status-publish","hentry"],"acf":[],"_links":{"self":[{"href":"https:\/\/www.hotelgradara.com\/de\/wp-json\/wp\/v2\/pages\/419","targetHints":{"allow":["GET"]}}],"collection":[{"href":"https:\/\/www.hotelgradara.com\/de\/wp-json\/wp\/v2\/pages"}],"about":[{"href":"https:\/\/www.hotelgradara.com\/de\/wp-json\/wp\/v2\/types\/page"}],"author":[{"embeddable":true,"href":"https:\/\/www.hotelgradara.com\/de\/wp-json\/wp\/v2\/users\/1"}],"replies":[{"embeddable":true,"href":"https:\/\/www.hotelgradara.com\/de\/wp-json\/wp\/v2\/comments?post=419"}],"version-history":[{"count":0,"href":"https:\/\/www.hotelgradara.com\/de\/wp-json\/wp\/v2\/pages\/419\/revisions"}],"wp:attachment":[{"href":"https:\/\/www.hotelgradara.com\/de\/wp-json\/wp\/v2\/media?parent=419"}],"curies":[{"name":"wp","href":"https:\/\/api.w.org\/{rel}","templated":true}]}}