{"id":558,"date":"2020-05-26T09:52:17","date_gmt":"2020-05-26T07:52:17","guid":{"rendered":"https:\/\/www.hotelgradara.com\/ristorante-panoramico\/"},"modified":"2020-12-07T17:27:31","modified_gmt":"2020-12-07T16:27:31","slug":"restaurant-mit-meerblick","status":"publish","type":"page","link":"https:\/\/www.hotelgradara.com\/de\/restaurant-mit-meerblick\/","title":{"rendered":"Restaurant mit Meerblick"},"content":{"rendered":"<h2>Tradition, Geschmack und Leidenschaft<\/h2>\n<p>Das Fr\u00fchst\u00fcck wird mit k\u00f6stlichem, hausgemachtem <strong>Buffet serviert um den Tag erholsam beginnen zu k\u00f6nnen.<\/strong><\/p>\n<p>Das elegante und klimatisierte Restaurant mit Meeresblick bietet die romagnolische K\u00fcche mit Fisch-, Fleisch- und Gem\u00fcsespezialit\u00e4ten nach Wahl an.<br \/>\nVorspeisemenu mit verschiedenen Gem\u00fcsearten.Hausgemachte Kuchen\/Torten und Geb\u00e4ck von unserem Chef realisiert, frisches Obst sowie K\u00e4sesorten nach Wahl begleiten stets unsere G\u00e4nge.<\/p>\n","protected":false},"excerpt":{"rendered":"<p>Tradition, Geschmack und Leidenschaft Das Fr\u00fchst\u00fcck wird mit k\u00f6stlichem, hausgemachtem Buffet serviert um den Tag erholsam beginnen zu k\u00f6nnen. Das elegante und klimatisierte Restaurant mit Meeresblick bietet die romagnolische K\u00fcche mit Fisch-, Fleisch- und Gem\u00fcsespezialit\u00e4ten nach Wahl an. Vorspeisemenu mit verschiedenen Gem\u00fcsearten.Hausgemachte Kuchen\/Torten und Geb\u00e4ck von unserem Chef realisiert, frisches Obst sowie K\u00e4sesorten nach Wahl begleiten stets unsere G\u00e4nge.<\/p>\n","protected":false},"author":1,"featured_media":845,"parent":0,"menu_order":5,"comment_status":"closed","ping_status":"closed","template":"","meta":{"_acf_changed":false},"class_list":["post-558","page","type-page","status-publish","has-post-thumbnail","hentry"],"acf":[],"_links":{"self":[{"href":"https:\/\/www.hotelgradara.com\/de\/wp-json\/wp\/v2\/pages\/558","targetHints":{"allow":["GET"]}}],"collection":[{"href":"https:\/\/www.hotelgradara.com\/de\/wp-json\/wp\/v2\/pages"}],"about":[{"href":"https:\/\/www.hotelgradara.com\/de\/wp-json\/wp\/v2\/types\/page"}],"author":[{"embeddable":true,"href":"https:\/\/www.hotelgradara.com\/de\/wp-json\/wp\/v2\/users\/1"}],"replies":[{"embeddable":true,"href":"https:\/\/www.hotelgradara.com\/de\/wp-json\/wp\/v2\/comments?post=558"}],"version-history":[{"count":0,"href":"https:\/\/www.hotelgradara.com\/de\/wp-json\/wp\/v2\/pages\/558\/revisions"}],"wp:featuredmedia":[{"embeddable":true,"href":"https:\/\/www.hotelgradara.com\/de\/wp-json\/wp\/v2\/media\/845"}],"wp:attachment":[{"href":"https:\/\/www.hotelgradara.com\/de\/wp-json\/wp\/v2\/media?parent=558"}],"curies":[{"name":"wp","href":"https:\/\/api.w.org\/{rel}","templated":true}]}}