{"id":560,"date":"2020-05-26T11:11:38","date_gmt":"2020-05-26T09:11:38","guid":{"rendered":"https:\/\/www.hotelgradara.com\/servizi-per-bambini\/"},"modified":"2020-12-07T17:35:00","modified_gmt":"2020-12-07T16:35:00","slug":"freizeit-spass-fuer-kinder","status":"publish","type":"page","link":"https:\/\/www.hotelgradara.com\/de\/freizeit-spass-fuer-kinder\/","title":{"rendered":"Freizeit spass fuer Kinder"},"content":{"rendered":"<p><strong>Wenn die Familien mit Kindern zum Hotel Gradara kommen<\/strong>, wissen sie, dass der Party beginnt.<br \/>\nDas hei\u00dft einen ruhigen, sicheren und entspannenden Urlaub.<\/p>\n<p>Unser Hotel liegt direkt am Strand: keine Stra\u00dfe zu \u00fcberqueren, zwei Schritte und man erreicht sofort den Sand.<br \/>\nF\u00fcr die kleineren <strong>G\u00e4ste finden Sie in den Zimmern Wiege,<\/strong> baby Betten, kleine Watte.<br \/>\nAuch im Speisesal finden Sie Hochst\u00fchle und Kindersitze.<\/p>\n","protected":false},"excerpt":{"rendered":"<p>Wenn die Familien mit Kindern zum Hotel Gradara kommen, wissen sie, dass der Party beginnt. Das hei\u00dft einen ruhigen, sicheren und entspannenden Urlaub. Unser Hotel liegt direkt am Strand: keine Stra\u00dfe zu \u00fcberqueren, zwei Schritte und man erreicht sofort den Sand. F\u00fcr die kleineren G\u00e4ste finden Sie in den Zimmern Wiege, baby Betten, kleine Watte. Auch im Speisesal finden Sie Hochst\u00fchle und Kindersitze.<\/p>\n","protected":false},"author":1,"featured_media":0,"parent":0,"menu_order":4,"comment_status":"closed","ping_status":"closed","template":"","meta":{"_acf_changed":false},"class_list":["post-560","page","type-page","status-publish","hentry"],"acf":[],"_links":{"self":[{"href":"https:\/\/www.hotelgradara.com\/de\/wp-json\/wp\/v2\/pages\/560","targetHints":{"allow":["GET"]}}],"collection":[{"href":"https:\/\/www.hotelgradara.com\/de\/wp-json\/wp\/v2\/pages"}],"about":[{"href":"https:\/\/www.hotelgradara.com\/de\/wp-json\/wp\/v2\/types\/page"}],"author":[{"embeddable":true,"href":"https:\/\/www.hotelgradara.com\/de\/wp-json\/wp\/v2\/users\/1"}],"replies":[{"embeddable":true,"href":"https:\/\/www.hotelgradara.com\/de\/wp-json\/wp\/v2\/comments?post=560"}],"version-history":[{"count":0,"href":"https:\/\/www.hotelgradara.com\/de\/wp-json\/wp\/v2\/pages\/560\/revisions"}],"wp:attachment":[{"href":"https:\/\/www.hotelgradara.com\/de\/wp-json\/wp\/v2\/media?parent=560"}],"curies":[{"name":"wp","href":"https:\/\/api.w.org\/{rel}","templated":true}]}}