{"id":75,"date":"2017-03-01T16:13:17","date_gmt":"2017-03-01T15:13:17","guid":{"rendered":"https:\/\/www.hotelgradara.com\/cookie-policy\/"},"modified":"2020-05-28T09:51:35","modified_gmt":"2020-05-28T07:51:35","slug":"cookie-policy","status":"publish","type":"page","link":"https:\/\/www.hotelgradara.com\/de\/cookie-policy\/","title":{"rendered":"Cookie Policy"},"content":{"rendered":"<p style=\"clear: both;\"><strong>Informationsblatt<\/strong><br \/>\nBei der Erstellung dieser Website bzw. weiterer darin verlinkter Instrumente wurden Programme verwendet, die mit Cookies arbeiten, um Funktionen zu verbessern und bestimmte Ziele zu erreichen, die wir in unserem Informationsblatt beschreiben. Wir bitten Sie, diese Angaben durchzulesen, um mehr zu erfahren und um zu entscheiden, ob Sie die Nutzung von Cookies bzw. bestimmter Cookies genehmigen oder verweigern m\u00f6chten. Wenn Sie an dieser Stelle unsere Website weiter durchsehen (durch Schlie\u00dfen dieses Banners, durch Anklicken von Links auf der Website, durch Scrollen der Seite usw.) genehmigen sie die Nutzung der Cookies.<\/p>\n<p style=\"clear: both;\"><b><br \/>\n<\/b><strong>Informationen zu Cookies und zu deren Nutzung<\/strong><br \/>\nCookies sind Teile von Programmiercodes innerhalb des Browsers, die dem Betreiber der Website dabei helfen, entsprechenden Service in Funktion zu bestimmten Zielen zu liefern. Dabei kann es sich auch um Cookies handeln, deren Verwendung vom Nutzer genehmigt werden muss.<\/p>\n<p><strong>Funktionstechnische Cookies und Cookies zu statistischen Zwecken<\/strong><\/p>\n<p><strong>\u2022 Funktionstechnische Aspekte<\/strong><br \/>\nDiese Website verwendet Cookies, um die Aufrufe des Nutzers zu registrieren und zu anderen funktionstechnischen Zwecken, beispielsweise, um Informationen \u00fcber den Datenverkehr zu speichern.<\/p>\n<p><strong>\u2022 Erfassung von Pr\u00e4ferenzen, Optimierung und Statistiken<\/strong><br \/>\nDiese Website verwendet Cookies, um Pr\u00e4ferenzen beim Aufrufen der Seiten zu speichern und um Ihnen das Aufrufen zu erleichtern. Zum Beispiel werden die Einstellung der Sprache, der W\u00e4hrung oder die Verwaltung von Statistiken \u00fcber Cookies geregelt.<\/p>\n<p><strong>Sonstige Cookies oder andere Instrumente, die mit Cookies funktionieren<\/strong><br \/>\nEs folgt die Auflistung einiger Serviceleistungen, die f\u00fcr die Erfassung statistischer Sammeldaten nicht die ausdr\u00fcckliche Genehmigung des Nutzers erfordern oder die vom Websitebetreiber selbst und ohne Hilfe Dritter verwaltet werden k\u00f6nnen.<\/p>\n<p><strong>\u2022 Franchising<\/strong><br \/>\nDurch Franchising-Service hat diese Website die M\u00f6glichkeit, Annoncen f\u00fcr Produkte oder Serviceleistungen Dritter anzuzeigen. Diese Werbeannoncen k\u00f6nnen als kommerzielle Links, als Banner oder in sonstiger Form erscheinen. Jeder Klick auf diese Links wird von den unten aufgef\u00fchrten dritten Serviceerbringern verfolgt und mit dieser Website geteilt.<br \/>\nWenn sie wissen wollen, welche Daten in diesem Zusammenhang erfasst werden, bitten wir Sie, die Datenschutzbestimmungen der betreffenden Serviceanbieter zu konsultieren.<\/p>\n<p><strong>\u2022 Interaktionen mit sozialen Netzwerken und anderen externen Plattformen<\/strong><br \/>\nDiese Serviceleistungen k\u00f6nnen direkt \u00fcber die Seiten dieser Website Interaktionen mit sozialen Netzwerken oder anderen externen Plattformen enthalten, die in jedem Fall den entsprechenden Datenschutzeinstellungen des Nutzers f\u00fcr das betreffende Netzwerk unterliegen. Wenn die Interaktionsfunktion mit sozialen Netzwerken installiert ist, erfasst die Website ggf. den Datenverkehr auf der Seite, auch wenn die Nutzer selbst die Funktion nicht verwendet.<\/p>\n<p><strong>Google+<\/strong> : Taste +1 und Social Widget (Google Inc.)<br \/>\nDie Taste +1 und die Social Widgets von Google+ sind Interaktionsfunktionen mit den sozialen Netzwerken Google+, die von Google Inc. geliefert werden.<br \/>\nErfasste personenbezogene Daten: Cookies und Nutzungsdaten.<br \/>\nOrt der Datenverarbeitung: USA \u2013 <a href=\"http:\/\/www.google.com\/intl\/de\/policies\/privacy\/\" target=\"_blank\" rel=\"noopener noreferrer\">Privacy Policy<\/a><\/p>\n<p><b><br \/>\n<\/b><strong>Facebook<\/strong> : Taste Gef\u00e4llt mir und Social Widget (Facebook, Inc.)<br \/>\nDie Taste \u201cGef\u00e4llt mir \/ Like\u201d und die Social Widgets von Facebook sind Interaktionsfunktionen mit dem sozialen Netzwerk Facebook, die von Facebook, Inc. geliefert werden.<br \/>\nErfasste personenbezogene Daten: Cookies und Nutzungsdaten.<br \/>\nOrt der Datenverarbeitung: USA \u2013 <a href=\"https:\/\/de-de.facebook.com\/privacy\/explanation\" target=\"_blank\" rel=\"noopener noreferrer\">Privacy Policy<\/a><\/p>\n<p><b><br \/>\n<\/b><strong>Twitter<\/strong> : Taste Tweet und Social Widget (Twitter, Inc.)<br \/>\nDie Taste Tweet und die Social Widgets von Twitter sind Interaktionsfunktionen mit dem sozialen Netzwerk Twitter, die von Twitter. Inc. geliefert werden.<br \/>\nErfasste personenbezogene Daten: Cookies und Nutzungsdaten.<br \/>\nOrt der Datenverarbeitung: USA \u2013 <a href=\"https:\/\/twitter.com\/privacy?lang=de\" target=\"_blank\" rel=\"noopener noreferrer\">Privacy Policy<\/a><\/p>\n<p><strong> \u2022 Werbeservice<\/strong><br \/>\nAnhand des Werbeservice k\u00f6nnen die Daten des Nutzers durch unterschiedliche Formen der Werbung und auch in Funktion mit den Interessen des Nutzers f\u00fcr Angebote und kommerzielle Mitteilungen verwendet werden.<br \/>\nNicht alle personenbezogenen Daten werden zu diesem Zwecken verwendet. Weiter unten sind die Daten und die jeweiligen Nutzungsbedingungen beschrieben.<br \/>\nEinige der unten beschriebenen Serviceleistungen k\u00f6nnen Cookies verwenden, um den Nutzer zu identifizieren oder um Behavioral Retargeting \u2013 Aktionen einzuleiten, das hei\u00dft, auf dem Bildschirm in Funktion zu den Interessen des Nutzers oder zu der Art der Seiten, die dieser aufruft, individuell zugeschnittene Werbung anzuzeigen. Diese Interessen und das Verhalten des betreffenden Nutzers im Netz k\u00f6nnen auch au\u00dferhalb dieser Website erfasst werden. Wenn Sie mehr diesbez\u00fcglich erfahren wollen, bitten wir Sie, die Datenschutzbestimmungen der betreffenden Serviceanbieter zu konsultieren.<\/p>\n<p><b><br \/>\n<\/b><strong>\u2022 Statistikservice<\/strong><br \/>\nAnhand des Statistikservice kann der Inhaber der Datenverarbeitung den Datenverkehr konstant \u00fcberwachen und analysieren und das Verhalten des Nutzers verfolgen.<br \/>\nGoogle Analytics (Google Inc.)<br \/>\nGoogle Analytics ist ein Webdaten-Analyseservice von da Google Inc. (\u201cGoogle\u201d). Google verwendet die erfassten personenbezogenen Daten, um den Zugriff auf diese Website zu verfolgen und zu pr\u00fcfen, Berichte zu erstellen und diese mit anderen Serviceleistungen von Google zu teilen.<\/p>\n<p>Google nutzt personenbezogene Daten ggf. dazu, um im eigenen Werbenetzwerk individuelle und kontextbezogene Annoncen anzuzeigen.<br \/>\nErfasste personenbezogene Daten: Cookies und Nutzungsdaten.<br \/>\nOrt der Datenverarbeitung: USA \u2013 <a href=\"http:\/\/www.google.com\/intl\/de\/policies\/privacy\" target=\"_blank\" rel=\"noopener noreferrer\">Privacy Policy<\/a> \u2013 <a href=\"https:\/\/tools.google.com\/dlpage\/gaoptout?hl=de\" target=\"_blank\" rel=\"noopener noreferrer\">Opt Out<\/a><\/p>\n<p><b><br \/>\n\u2022<\/b><strong> Inhalte von externen Plattformen<\/strong><br \/>\n\u00dcber diesen Service k\u00f6nnen Inhalte externer Plattformen angezeigt bzw. es kann die Interaktion mit diesen Inhalten direkt von dieser Website aus m\u00f6glich gemacht werden.<br \/>\nIn diesem Fall k\u00f6nnen Angaben zum Datenverkehr auf den Seiten erfasst werden, auf denen die Funktionen installiert sind, auch wenn der Nutzer selbst diese Funktionen nicht nutzt.<br \/>\nGoogle Fonts (Google Inc.)<br \/>\nGoogle Fonts ist ein von Google Inc. verwalteter Service, der es dieser Website erm\u00f6glicht, die unterschiedlichen Zeichen-Fonts korrekt anzuzeigen.<br \/>\nErfasste personenbezogene Daten: Cookies und Nutzungsdaten.<br \/>\nOrt der Datenverarbeitung: USA \u2013<a href=\"http:\/\/www.google.it\/intl\/de\/policies\/privacy\" target=\"_blank\" rel=\"noopener noreferrer\"> Privacy Policy<\/a><\/p>\n<p><strong>Verwaltung von Cookies innerhalb des Browsers<\/strong><br \/>\nDer Nutzer hat die M\u00f6glichkeit, seine Pr\u00e4ferenzen im Hinblick auf Cookies direkt \u00fcber den eigenen Browser einzurichten, er kann die Installation von Cookies durch Dritte sperren und bereits installierte Cookies l\u00f6schen, auch solche, deren Installation bereits \u00fcber diese Website genehmigt wurde. Wenn alle Cookies gesperrt werden, wird die Funktion dieser Website ggf. beeintr\u00e4chtigt. Informationen zur Verwaltung von Cookies im Browser sind unter folgenden Adressen erh\u00e4ltlich: <a href=\"https:\/\/support.google.com\/chrome\/answer\/95647?hl=de&amp;p=cpn_cookies\" target=\"_blank\" rel=\"noopener noreferrer\">Google Chrome<\/a>, <a href=\"https:\/\/support.mozilla.org\/de\/kb\/cookies-erlauben-und-ablehnen\" target=\"_blank\" rel=\"noopener noreferrer\">Mozilla Firefox<\/a>, <a href=\"https:\/\/support.apple.com\/kb\/PH19214?viewlocale=de_DE&amp;locale=en_US\" target=\"_blank\" rel=\"noopener noreferrer\">Apple Safari<\/a> and <a href=\"http:\/\/windows.microsoft.com\/de-de\/windows-vista\/block-or-allow-cookies\" target=\"_blank\" rel=\"noopener noreferrer\">Microsoft Windows Explorer<\/a>.<\/p>\n<p><strong> Inhaber der Datenverarbeitung:<\/strong><\/p>\n<h3>Hotel Gradara<br \/>\n<a href=\"mailto:info@hotelgradara.com\" target=\"_blank\" rel=\"noopener noreferrer\">info@hotelgradara.com<\/a><\/h3>\n<p style=\"clear: both;\">Die Installation von Cookies und anderen Systemen zur R\u00fcckverfolgung durch Dritte anhand der Funktionen innerhalb der Website kann vom Inhaber der Datenverarbeitung technisch nicht kontrolliert werden, deshalb sind alle Angaben zu Cookies und von Dritten installierte R\u00fcckverfolgungssysteme unverbindlich. Verbindliche und ausf\u00fchrliche Angaben diesbez\u00fcglich sind den Datenschutzbestimmungen der jeweiligen Serviceanbieter zu entnehmen, die in diesem Informationsblatt aufgef\u00fchrt sind.<br \/>\nDer Nutzer kann sich an den Inhaber der Datenverarbeitung wenden, um mehr \u00fcber die Nutzung von Cookies, auch durch Dritte \u00fcber diese Website zu erfahren.<\/p>\n<p><strong>Glossar, Begriffsbestimmungen und Rechtsgrundlagen<\/strong><br \/>\n<strong>Personenbezogene Daten (oder Daten<\/strong><br \/>\nUnter personenbezogenen Daten sind Informationen zu verstehen, die einer bestimmten nat\u00fcrlichen Person zugeordnet sind oder wenn dadurch diese Zuordnung zumindest mittelbar erfolgen kann, aber auch indirekt anhand anderer Informationen, wie etwa pers\u00f6nliche Identifikationscodes.<br \/>\n<strong>Nutzungsdaten<\/strong><br \/>\nNutzungsdaten sind Informationen, die automatisch \u00fcber die Website erfasst werden (oder durch Anwendungen Dritter, die mit der Website verlinkt sind). Hierunter fallen: IP-Adresse, Computer-Domain-Namen des Nutzers, \u00fcber URI (Uniform Resource Identifier) erfasste Daten, die Uhrzeit der Anfrage, die Art und Weise der \u00dcbertragung der Anfrage an den Server, die Gr\u00f6\u00dfe der Anwortdatei, der Zeichencode des Antwortstatus des Servers (Fehler, gesendet, usw.), das Ursprungsland, die Merkmale des Browsers und des verwendeten Betriebssystems des Nutzers, verschiedene zeitliche Angaben zur Nutzung (beispielsweise die Verweilzeit auf einer Seite) und die Details zum Ablauf des Besuchs auf der Seite: Reihenfolge der aufgerufenen Seiten, Betriebssystem und IT-Umfeld des Nutzers.<br \/>\n<strong>Nutzer<\/strong><br \/>\nDie Person, die die Website nutzt und deren personenbezogene Daten Gegenstand der Verarbeitung sind, ist der Betroffene selbst oder eine von diesem entsprechend autorisierte Person.<br \/>\n<strong>Betroffener<\/strong><br \/>\nNat\u00fcrliche oder juristische Person, auf die sich die personenbezogenen Daten beziehen.<br \/>\n<strong>Verantwortlicher der Datenverarbeitung (oder Verantwortlicher)<\/strong><br \/>\nNat\u00fcrliche oder juristische Person, \u00f6ffentliche Verwaltung oder sonstige Beh\u00f6rden, Verb\u00e4nde oder Einrichtungen, die vom Inhaber mit der Verarbeitung der personenbezogenen Daten im Sinne der vorliegenden Datenschutzbestimmungen beauftragt wurden.<br \/>\n<strong>Inhaber der Datenverarbeitung (oder Inhaber)<\/strong><br \/>\nNat\u00fcrliche oder juristische Person, \u00f6ffentliche Verwaltung oder sonstige Beh\u00f6rden, Verb\u00e4nde oder Einrichtungen, auch im Verband mit anderen Inhabern, denen die Entscheidungen im Hinblick auf die Zwecke und Form der Datenverarbeitung und andere verwendete Instrumente, wie das Sicherheitsprofil im Zusammenhang mit der Funktion und Nutzung der Website obliegen. Wenn nicht anders angegeben, ist der Inhaber der Datenverarbeitung der Eigent\u00fcmer der Website.<br \/>\n<strong> Website (Anwendung)<\/strong><br \/>\nDas Softwareinstrument (und die entsprechende Hardware), \u00fcber das die personenbezogenen Daten der Nutzer erfasst werden.<br \/>\n<strong>Cookie<\/strong><br \/>\nKurze Textinformation, die die im Rechner des Nutzers platziert wird.<\/p>\n<p><strong>Rechtsgrundlagen<\/strong><br \/>\nHinweis f\u00fcr europ\u00e4ische Nutzer: die vorliegenden Datenschutzbestimmungen unterliegen den Verpflichtungen gem\u00e4\u00df Art. 10 der EU-Richtlinie 95\/46\/EG, der Richtlinie 2002\/58\/EG und der Richtlinie 2009\/136\/EG \u00fcber Cookies.<br \/>\nDie vorliegenden Datenschutzbestimmungen beziehen sich ausschlie\u00dflich auf diese Website.<\/p>\n<p>F\u00fcr weitere Informationen \u00fcber die Rechtsvorschriften <a href=\"http:\/\/www.garanteprivacy.it\/web\/guest\/home\/docweb\/-\/docweb-display\/docweb\/3118884?utm_source=NL_IT&amp;utm_medium=email&amp;utm_campaign=cookie\" target=\"_blank\" rel=\"noopener noreferrer\">klicken Sie hier<\/a><\/p>\n","protected":false},"excerpt":{"rendered":"<p>Informationsblatt Bei der Erstellung dieser Website bzw. weiterer darin verlinkter Instrumente wurden Programme verwendet, die mit Cookies arbeiten, um Funktionen zu verbessern und bestimmte Ziele zu erreichen, die wir in unserem Informationsblatt beschreiben. Wir bitten Sie, diese Angaben durchzulesen, um mehr zu erfahren und um zu entscheiden, ob Sie die Nutzung von Cookies bzw. bestimmter Cookies genehmigen oder verweigern m\u00f6chten. Wenn Sie an dieser Stelle unsere Website weiter durchsehen (durch &#8230;<\/p>\n","protected":false},"author":1,"featured_media":0,"parent":0,"menu_order":35,"comment_status":"closed","ping_status":"closed","template":"","meta":{"_acf_changed":false},"class_list":["post-75","page","type-page","status-publish","hentry"],"acf":[],"_links":{"self":[{"href":"https:\/\/www.hotelgradara.com\/de\/wp-json\/wp\/v2\/pages\/75","targetHints":{"allow":["GET"]}}],"collection":[{"href":"https:\/\/www.hotelgradara.com\/de\/wp-json\/wp\/v2\/pages"}],"about":[{"href":"https:\/\/www.hotelgradara.com\/de\/wp-json\/wp\/v2\/types\/page"}],"author":[{"embeddable":true,"href":"https:\/\/www.hotelgradara.com\/de\/wp-json\/wp\/v2\/users\/1"}],"replies":[{"embeddable":true,"href":"https:\/\/www.hotelgradara.com\/de\/wp-json\/wp\/v2\/comments?post=75"}],"version-history":[{"count":0,"href":"https:\/\/www.hotelgradara.com\/de\/wp-json\/wp\/v2\/pages\/75\/revisions"}],"wp:attachment":[{"href":"https:\/\/www.hotelgradara.com\/de\/wp-json\/wp\/v2\/media?parent=75"}],"curies":[{"name":"wp","href":"https:\/\/api.w.org\/{rel}","templated":true}]}}