{"id":1056,"date":"2026-03-04T20:54:46","date_gmt":"2026-03-04T19:54:46","guid":{"rendered":"https:\/\/www.hotelgradara.com\/?page_id=1056"},"modified":"2026-03-08T20:25:45","modified_gmt":"2026-03-08T19:25:45","slug":"padel-club","status":"publish","type":"page","link":"https:\/\/www.hotelgradara.com\/fr\/padel-club\/","title":{"rendered":"PADEL CLUB"},"content":{"rendered":"<p>En 2026, nous avons ouvert <strong>trois courts de padel couverts<\/strong>, parfaits pour jouer toute l&rsquo;ann\u00e9e dans une ambiance moderne et conviviale. Les courts garantissent des conditions de jeu optimales en toute saison, \u00e0 l&rsquo;abri de la pluie, du vent et de la chaleur. Ils sont \u00e9quip\u00e9s d&rsquo;un gazon synth\u00e9tique de pointe, d&rsquo;un \u00e9clairage LED haute visibilit\u00e9 et de larges all\u00e9es pour un confort de jeu maximal.<\/p>\n<p>L&rsquo;\u00e9tablissement comprend <strong>des vestiaires<\/strong> avec douches et des espaces propres et confortables \u2013 un service con\u00e7u pour assurer le confort et le bien-\u00eatre de tous les joueurs.<\/p>\n<p>Retrouvez-nous \u00e0 <strong>Bellaria, Via Belvedere 22.<\/strong><\/p>\n<p><strong>PROGRAMME D&rsquo;ENTRA\u00ceNEMENT AVEC DES INSTRUCTEURS FITP DE HAUT NIVEAU<\/strong><\/p>\n<p>Nos <strong>instructeurs nationaux de padel, Andrea Godio et Riccardo Rondinelli<\/strong>, accompagnent les joueurs d\u00e9butants comme confirm\u00e9s. Ils proposent des cours individuels et collectifs, garantissant un service personnalis\u00e9 et de qualit\u00e9. Location de raquettes disponible.<\/p>\n<p>Les cours ont lieu <strong>tous les jours de 8h00 \u00e0 23h00<\/strong>\u00a0; r\u00e9servation obligatoire.<\/p>\n<h2 class=\"l-Section__Title o-Text__H2 u-Typography--Light u-Color--Primary u-Typography--Split u-Background--Base words splitting\"><span class=\"word\" data-word=\"INFO\" data-sr-id=\"9\">INFORMATIONS ET RESERVATIONS<\/span><\/h2>\n<p><img decoding=\"async\" src=\"https:\/\/hoteldoor.blob.core.windows.net\/marepinetaresort\/icons\/phone.svg\" alt=\"\" \/><\/p>\n<p class=\"p1\">+39 3471582790<\/p>\n<p><img decoding=\"async\" src=\"https:\/\/hoteldoor.blob.core.windows.net\/marepinetaresort\/icons\/Clock.svg\" alt=\"\" \/><\/p>\n<p>Le padel est ouvert <strong>de mars \u00e0 octobre,<\/strong><\/p>\n<p><strong>tous les jours de 8h00 \u00e0 23h00<\/strong><\/p>\n","protected":false},"excerpt":{"rendered":"<p>En 2026, nous avons ouvert trois courts de padel couverts, parfaits pour jouer toute l&rsquo;ann\u00e9e dans une ambiance moderne et conviviale. Les courts garantissent des conditions de jeu optimales en toute saison, \u00e0 l&rsquo;abri de la pluie, du vent et de la chaleur. Ils sont \u00e9quip\u00e9s d&rsquo;un gazon synth\u00e9tique de pointe, d&rsquo;un \u00e9clairage LED haute visibilit\u00e9 et de larges all\u00e9es pour un confort de jeu maximal. L&rsquo;\u00e9tablissement comprend des vestiaires &#8230;<\/p>\n","protected":false},"author":4,"featured_media":0,"parent":0,"menu_order":0,"comment_status":"closed","ping_status":"closed","template":"","meta":{"_acf_changed":false},"class_list":["post-1056","page","type-page","status-publish","hentry"],"acf":[],"_links":{"self":[{"href":"https:\/\/www.hotelgradara.com\/fr\/wp-json\/wp\/v2\/pages\/1056","targetHints":{"allow":["GET"]}}],"collection":[{"href":"https:\/\/www.hotelgradara.com\/fr\/wp-json\/wp\/v2\/pages"}],"about":[{"href":"https:\/\/www.hotelgradara.com\/fr\/wp-json\/wp\/v2\/types\/page"}],"author":[{"embeddable":true,"href":"https:\/\/www.hotelgradara.com\/fr\/wp-json\/wp\/v2\/users\/4"}],"replies":[{"embeddable":true,"href":"https:\/\/www.hotelgradara.com\/fr\/wp-json\/wp\/v2\/comments?post=1056"}],"version-history":[{"count":0,"href":"https:\/\/www.hotelgradara.com\/fr\/wp-json\/wp\/v2\/pages\/1056\/revisions"}],"wp:attachment":[{"href":"https:\/\/www.hotelgradara.com\/fr\/wp-json\/wp\/v2\/media?parent=1056"}],"curies":[{"name":"wp","href":"https:\/\/api.w.org\/{rel}","templated":true}]}}