{"id":476,"date":"2020-05-26T09:50:56","date_gmt":"2020-05-26T07:50:56","guid":{"rendered":"https:\/\/www.hotelgradara.com\/direttamente-sul-mare\/"},"modified":"2020-12-07T16:10:21","modified_gmt":"2020-12-07T15:10:21","slug":"directement-sur-la-mer","status":"publish","type":"page","link":"https:\/\/www.hotelgradara.com\/fr\/directement-sur-la-mer\/","title":{"rendered":"Directement sur la mer"},"content":{"rendered":"<h2>Imaginez l\u2019air p\u00e9tillant du matin qui vous caresse le visage, avec la mer en arri\u00e8re plan<\/h2>\n<p class=\"p1\"><strong>C\u2019est tes vacances vu sur la mer, Hotel 3 *** \u00e0 BELLARIA !<\/strong><\/p>\n<p class=\"p1\">Notre <strong>terrasse panoramique<\/strong> est un petit bijou. De la terrasse vous pourrez observer toute la rivi\u00e8re Romagnole et vous abandonner au relax et au bien-\u00eatre.<\/p>\n<p class=\"p1\">Laissez vous dorloter avec le doux son des vagues et de l\u2019<strong>eau chaude des bassins hydromassage.<\/strong><\/p>\n<p class=\"p1\">Aller sur la terrasse pour finir la journ\u00e9e sur des canap\u00e9s e des tables confortables<strong>: lieu parfait pour un ap\u00e9ritif<\/strong> tout en admirant les couleurs rouges et oranges du coucher soleil sur la mer.<\/p>\n","protected":false},"excerpt":{"rendered":"<p>Imaginez l\u2019air p\u00e9tillant du matin qui vous caresse le visage, avec la mer en arri\u00e8re plan C\u2019est tes vacances vu sur la mer, Hotel 3 *** \u00e0 BELLARIA ! Notre terrasse panoramique est un petit bijou. De la terrasse vous pourrez observer toute la rivi\u00e8re Romagnole et vous abandonner au relax et au bien-\u00eatre. Laissez vous dorloter avec le doux son des vagues et de l\u2019eau chaude des bassins hydromassage. &#8230;<\/p>\n","protected":false},"author":1,"featured_media":859,"parent":0,"menu_order":6,"comment_status":"closed","ping_status":"closed","template":"","meta":{"_acf_changed":false},"class_list":["post-476","page","type-page","status-publish","has-post-thumbnail","hentry"],"acf":[],"_links":{"self":[{"href":"https:\/\/www.hotelgradara.com\/fr\/wp-json\/wp\/v2\/pages\/476","targetHints":{"allow":["GET"]}}],"collection":[{"href":"https:\/\/www.hotelgradara.com\/fr\/wp-json\/wp\/v2\/pages"}],"about":[{"href":"https:\/\/www.hotelgradara.com\/fr\/wp-json\/wp\/v2\/types\/page"}],"author":[{"embeddable":true,"href":"https:\/\/www.hotelgradara.com\/fr\/wp-json\/wp\/v2\/users\/1"}],"replies":[{"embeddable":true,"href":"https:\/\/www.hotelgradara.com\/fr\/wp-json\/wp\/v2\/comments?post=476"}],"version-history":[{"count":0,"href":"https:\/\/www.hotelgradara.com\/fr\/wp-json\/wp\/v2\/pages\/476\/revisions"}],"wp:featuredmedia":[{"embeddable":true,"href":"https:\/\/www.hotelgradara.com\/fr\/wp-json\/wp\/v2\/media\/859"}],"wp:attachment":[{"href":"https:\/\/www.hotelgradara.com\/fr\/wp-json\/wp\/v2\/media?parent=476"}],"curies":[{"name":"wp","href":"https:\/\/api.w.org\/{rel}","templated":true}]}}