{"id":479,"date":"2020-05-26T09:52:17","date_gmt":"2020-05-26T07:52:17","guid":{"rendered":"https:\/\/www.hotelgradara.com\/ristorante-panoramico\/"},"modified":"2020-12-07T16:25:27","modified_gmt":"2020-12-07T15:25:27","slug":"restaurant-panoramique","status":"publish","type":"page","link":"https:\/\/www.hotelgradara.com\/fr\/restaurant-panoramique\/","title":{"rendered":"Restaurant panoramique"},"content":{"rendered":"<h2>Vous \u00eates ici dans la patrie de la bonne nourriture et du bien manger.<\/h2>\n<p>Au GRADARA, <strong>hotel 3 *** \u00e9toiles avec restaurant panoramique<\/strong>, la cuisine a une longue tradition faite de recettes transmises de g\u00e9n\u00e9ration en g\u00e9n\u00e9ration et de <strong>produits d haute qualit\u00e9<\/strong> choisis avec soins chez les producteurs locaux.<\/p>\n<p>Ici vous go\u00fbterez les meilleurs recettes traditionnelles an admirant la mer, dans notre <strong>restaurant panoramique<\/strong> avec vue mer.<br \/>\nTous les jours, nous vous proposons un <strong>menu avec un vaste choix entre 4 premiers plats et 4 seconds<\/strong> plats de r\u00e9sistance, de viandes et poissons et un buffet d\u2019entr\u00e9es, d l\u00e9gumes cuits et crus. Il suffit de choisir ce qui vous fait le plus envie, de vous mettre \u00e0 l\u2019aise et au reste nous y pensons nous en vous servant directement \u00e0 table.<\/p>\n<p>Le matin, vous serez dorlot\u00e9 avec un <strong>riche buffet de sucre et sal\u00e9.<\/strong> Le parfum des <strong>croissants fra\u00eechement cuits<\/strong>, vous guidera jusqu\u2019\u00e0 la salle du petit d\u00e9jeuner o\u00f9 vous attendent aussi des <strong>beignets faits maison,<\/strong> des biscuits, des sandwichs, des yaourts, des c\u00e9r\u00e9ales, des confitures et des cr\u00e8mes au chocolat \u00e0 tartiner, du miel, des fruits s\u00e9ch\u00e9s et au sirop.<\/p>\n<p><strong>Vous pr\u00e9f\u00e9rez le sal\u00e9 ?<\/strong> Pour vous, nous pr\u00e9parons des <strong>oeufs avec du bacon croquant<\/strong>, des oueds poch\u00e9s ou \u00e0 la coque, du jambon et du formage. Le tout accompagn\u00e9 d\u2019un bon <strong>caf\u00e9 moulu en grain<\/strong>, une tasse de chocolat chaud, froid ou des cappuccino, ou bien du lait, du th\u00e9 et des <strong>jus de fruits. <\/strong><\/p>\n<p>A l\u2019h\u00f4tel GRADARA fait le plein d\u2019\u00e9nergie pour toute la journ\u00e9e de vacance \u00e0 la mer.<\/p>\n","protected":false},"excerpt":{"rendered":"<p>Vous \u00eates ici dans la patrie de la bonne nourriture et du bien manger. Au GRADARA, hotel 3 *** \u00e9toiles avec restaurant panoramique, la cuisine a une longue tradition faite de recettes transmises de g\u00e9n\u00e9ration en g\u00e9n\u00e9ration et de produits d haute qualit\u00e9 choisis avec soins chez les producteurs locaux. Ici vous go\u00fbterez les meilleurs recettes traditionnelles an admirant la mer, dans notre restaurant panoramique avec vue mer. Tous les &#8230;<\/p>\n","protected":false},"author":1,"featured_media":844,"parent":0,"menu_order":5,"comment_status":"closed","ping_status":"closed","template":"","meta":{"_acf_changed":false},"class_list":["post-479","page","type-page","status-publish","has-post-thumbnail","hentry"],"acf":[],"_links":{"self":[{"href":"https:\/\/www.hotelgradara.com\/fr\/wp-json\/wp\/v2\/pages\/479","targetHints":{"allow":["GET"]}}],"collection":[{"href":"https:\/\/www.hotelgradara.com\/fr\/wp-json\/wp\/v2\/pages"}],"about":[{"href":"https:\/\/www.hotelgradara.com\/fr\/wp-json\/wp\/v2\/types\/page"}],"author":[{"embeddable":true,"href":"https:\/\/www.hotelgradara.com\/fr\/wp-json\/wp\/v2\/users\/1"}],"replies":[{"embeddable":true,"href":"https:\/\/www.hotelgradara.com\/fr\/wp-json\/wp\/v2\/comments?post=479"}],"version-history":[{"count":0,"href":"https:\/\/www.hotelgradara.com\/fr\/wp-json\/wp\/v2\/pages\/479\/revisions"}],"wp:featuredmedia":[{"embeddable":true,"href":"https:\/\/www.hotelgradara.com\/fr\/wp-json\/wp\/v2\/media\/844"}],"wp:attachment":[{"href":"https:\/\/www.hotelgradara.com\/fr\/wp-json\/wp\/v2\/media?parent=479"}],"curies":[{"name":"wp","href":"https:\/\/api.w.org\/{rel}","templated":true}]}}