{"id":485,"date":"2020-05-26T11:12:31","date_gmt":"2020-05-26T09:12:31","guid":{"rendered":"https:\/\/www.hotelgradara.com\/territorio-bellaria\/"},"modified":"2020-12-07T16:14:53","modified_gmt":"2020-12-07T15:14:53","slug":"le-territoire-de-bellaria","status":"publish","type":"page","link":"https:\/\/www.hotelgradara.com\/fr\/le-territoire-de-bellaria\/","title":{"rendered":"Le territoire de BELLARIA"},"content":{"rendered":"<h2>D\u00e9couvre l\u2019histoire de BELLARIA et le charme de l\u2019arri\u00e8re pays Romagnolo<\/h2>\n<p>L\u2019histoire de BELLARIA est profond\u00e9ment li\u00e9e \u00e0 la mer. C\u2019est l\u2019<strong>histoire des p\u00eacheurs<\/strong> qui se perdaient entre les vagues de la mer Adriatique pour ensuite se retrouver dans port du canal de la ville. C\u2019est aussi l\u2019histoire du boom du tourisme baln\u00e9aire, avec la naissance des premi\u00e8res plages et des parasols de plage color\u00e9s.<\/p>\n<p>Le centre de BELLARIA vous offre les t\u00e9moignages de son pass\u00e9 : la <strong>TORRE SARACENA<\/strong>, pour aviser l\u2019arriv\u00e9e des pirates turques, le mus\u00e9e des coquillages et la CASA ROSSA, maison de vacances de l\u2019\u00e9crivain <strong>Alfredo PANZINI.<\/strong><br \/>\nLa Romagne n\u2019est pas seulement la mer mais c\u2019est aussi un arri\u00e8re pays fascinant: un horizon de douces collines parsem\u00e9es de villages anciens et ch\u00e2teaux m\u00e9di\u00e9vaux Plein de charme et myst\u00e8re, vous attendent \u00e0 peu de kilom\u00e8tres de BELLARIA : Montebello avec la l\u00e9gende de Azzurrina, Gradara avec sa tragique histoire d\u2019amour entre Paolo et Francesca, San Leo et sa roche\u2026<\/p>\n<p><strong>D\u00e9couvrez BELLARIA et l\u2019arri\u00e8re pays Romagnolo<\/strong>, une immersion compl\u00e8te dans la culture et les traditions de ces lieux merveilleux.<\/p>\n<div id='gallery-1' class='gallery galleryid-485 gallery-columns-3 gallery-size-medium'><figure class='gallery-item'>\n\t\t\t<div class='gallery-icon landscape'>\n\t\t\t\t<a href='https:\/\/www.hotelgradara.com\/wp-content\/uploads\/2020\/06\/1.jpg' data-size=\"2000x1030\"><img loading=\"lazy\" decoding=\"async\" width=\"640\" height=\"420\" src=\"https:\/\/www.hotelgradara.com\/wp-content\/uploads\/2020\/06\/1-640x420.jpg\" class=\"attachment-medium size-medium\" alt=\"Porto canale Bellaria\" \/><\/a>\n\t\t\t<\/div><\/figure><figure class='gallery-item'>\n\t\t\t<div class='gallery-icon landscape'>\n\t\t\t\t<a href='https:\/\/www.hotelgradara.com\/wp-content\/uploads\/2020\/06\/5.jpg' data-size=\"2000x1030\"><img loading=\"lazy\" decoding=\"async\" width=\"640\" height=\"420\" src=\"https:\/\/www.hotelgradara.com\/wp-content\/uploads\/2020\/06\/5-640x420.jpg\" class=\"attachment-medium size-medium\" alt=\"\" \/><\/a>\n\t\t\t<\/div><\/figure><figure class='gallery-item'>\n\t\t\t<div class='gallery-icon landscape'>\n\t\t\t\t<a href='https:\/\/www.hotelgradara.com\/wp-content\/uploads\/2020\/06\/6.jpg' data-size=\"2000x1030\"><img loading=\"lazy\" decoding=\"async\" width=\"640\" height=\"420\" src=\"https:\/\/www.hotelgradara.com\/wp-content\/uploads\/2020\/06\/6-640x420.jpg\" class=\"attachment-medium size-medium\" alt=\"\" \/><\/a>\n\t\t\t<\/div><\/figure><figure class='gallery-item'>\n\t\t\t<div class='gallery-icon landscape'>\n\t\t\t\t<a href='https:\/\/www.hotelgradara.com\/wp-content\/uploads\/2020\/06\/2.jpg' data-size=\"2000x1030\"><img loading=\"lazy\" decoding=\"async\" width=\"640\" height=\"420\" src=\"https:\/\/www.hotelgradara.com\/wp-content\/uploads\/2020\/06\/2-640x420.jpg\" class=\"attachment-medium size-medium\" alt=\"\" \/><\/a>\n\t\t\t<\/div><\/figure><figure class='gallery-item'>\n\t\t\t<div class='gallery-icon landscape'>\n\t\t\t\t<a href='https:\/\/www.hotelgradara.com\/wp-content\/uploads\/2020\/06\/3.jpg' data-size=\"2000x1030\"><img loading=\"lazy\" decoding=\"async\" width=\"640\" height=\"420\" src=\"https:\/\/www.hotelgradara.com\/wp-content\/uploads\/2020\/06\/3-640x420.jpg\" class=\"attachment-medium size-medium\" alt=\"Entroterra Riviera Romagnolo\" \/><\/a>\n\t\t\t<\/div><\/figure><figure class='gallery-item'>\n\t\t\t<div class='gallery-icon landscape'>\n\t\t\t\t<a href='https:\/\/www.hotelgradara.com\/wp-content\/uploads\/2020\/06\/4.jpg' data-size=\"2000x1030\"><img loading=\"lazy\" decoding=\"async\" width=\"640\" height=\"420\" src=\"https:\/\/www.hotelgradara.com\/wp-content\/uploads\/2020\/06\/4-640x420.jpg\" class=\"attachment-medium size-medium\" alt=\"\" \/><\/a>\n\t\t\t<\/div><\/figure>\n\t\t<\/div>\n\n","protected":false},"excerpt":{"rendered":"<p>D\u00e9couvre l\u2019histoire de BELLARIA et le charme de l\u2019arri\u00e8re pays Romagnolo L\u2019histoire de BELLARIA est profond\u00e9ment li\u00e9e \u00e0 la mer. C\u2019est l\u2019histoire des p\u00eacheurs qui se perdaient entre les vagues de la mer Adriatique pour ensuite se retrouver dans port du canal de la ville. C\u2019est aussi l\u2019histoire du boom du tourisme baln\u00e9aire, avec la naissance des premi\u00e8res plages et des parasols de plage color\u00e9s. Le centre de BELLARIA vous &#8230;<\/p>\n","protected":false},"author":1,"featured_media":295,"parent":0,"menu_order":3,"comment_status":"closed","ping_status":"closed","template":"","meta":{"_acf_changed":false},"class_list":["post-485","page","type-page","status-publish","has-post-thumbnail","hentry"],"acf":[],"_links":{"self":[{"href":"https:\/\/www.hotelgradara.com\/fr\/wp-json\/wp\/v2\/pages\/485","targetHints":{"allow":["GET"]}}],"collection":[{"href":"https:\/\/www.hotelgradara.com\/fr\/wp-json\/wp\/v2\/pages"}],"about":[{"href":"https:\/\/www.hotelgradara.com\/fr\/wp-json\/wp\/v2\/types\/page"}],"author":[{"embeddable":true,"href":"https:\/\/www.hotelgradara.com\/fr\/wp-json\/wp\/v2\/users\/1"}],"replies":[{"embeddable":true,"href":"https:\/\/www.hotelgradara.com\/fr\/wp-json\/wp\/v2\/comments?post=485"}],"version-history":[{"count":0,"href":"https:\/\/www.hotelgradara.com\/fr\/wp-json\/wp\/v2\/pages\/485\/revisions"}],"wp:featuredmedia":[{"embeddable":true,"href":"https:\/\/www.hotelgradara.com\/fr\/wp-json\/wp\/v2\/media\/295"}],"wp:attachment":[{"href":"https:\/\/www.hotelgradara.com\/fr\/wp-json\/wp\/v2\/media?parent=485"}],"curies":[{"name":"wp","href":"https:\/\/api.w.org\/{rel}","templated":true}]}}