{"id":510,"date":"2020-05-29T09:57:41","date_gmt":"2020-05-29T07:57:41","guid":{"rendered":"https:\/\/www.hotelgradara.com\/dati-societari\/"},"modified":"2021-06-29T12:45:34","modified_gmt":"2021-06-29T10:45:34","slug":"informations-sur-lentreprise","status":"publish","type":"page","link":"https:\/\/www.hotelgradara.com\/fr\/informations-sur-lentreprise\/","title":{"rendered":"Informations sur l\u2019entreprise"},"content":{"rendered":"<p>D\u00e9nomination et raison sociale: <strong>Hotel Gradara di Lisa e Roberto Bacchereti e c snc<\/strong><br \/>\nSi\u00e8ge social: <strong>Viale Italia 31, 47814 Bellaria<\/strong><br \/>\nCode fiscale et Num\u00e9ro de IVA: <strong>03469350403<\/strong><\/p>\n","protected":false},"excerpt":{"rendered":"<p>D\u00e9nomination et raison sociale: Hotel Gradara di Lisa e Roberto Bacchereti e c snc Si\u00e8ge social: Viale Italia 31, 47814 Bellaria Code fiscale et Num\u00e9ro de IVA: 03469350403<\/p>\n","protected":false},"author":1,"featured_media":0,"parent":0,"menu_order":1,"comment_status":"closed","ping_status":"closed","template":"","meta":{"_acf_changed":false},"class_list":["post-510","page","type-page","status-publish","hentry"],"acf":[],"_links":{"self":[{"href":"https:\/\/www.hotelgradara.com\/fr\/wp-json\/wp\/v2\/pages\/510","targetHints":{"allow":["GET"]}}],"collection":[{"href":"https:\/\/www.hotelgradara.com\/fr\/wp-json\/wp\/v2\/pages"}],"about":[{"href":"https:\/\/www.hotelgradara.com\/fr\/wp-json\/wp\/v2\/types\/page"}],"author":[{"embeddable":true,"href":"https:\/\/www.hotelgradara.com\/fr\/wp-json\/wp\/v2\/users\/1"}],"replies":[{"embeddable":true,"href":"https:\/\/www.hotelgradara.com\/fr\/wp-json\/wp\/v2\/comments?post=510"}],"version-history":[{"count":0,"href":"https:\/\/www.hotelgradara.com\/fr\/wp-json\/wp\/v2\/pages\/510\/revisions"}],"wp:attachment":[{"href":"https:\/\/www.hotelgradara.com\/fr\/wp-json\/wp\/v2\/media?parent=510"}],"curies":[{"name":"wp","href":"https:\/\/api.w.org\/{rel}","templated":true}]}}