{"id":542,"date":"2016-12-23T11:10:32","date_gmt":"2016-12-23T10:10:32","guid":{"rendered":"https:\/\/www.hotelgradara.com\/offerte\/"},"modified":"2020-12-07T16:24:54","modified_gmt":"2020-12-07T15:24:54","slug":"offres","status":"publish","type":"page","link":"https:\/\/www.hotelgradara.com\/fr\/offres\/","title":{"rendered":"Les vacances en toute s\u00e9curit\u00e9.. \u00e9t\u00e9 2020"},"content":{"rendered":"<h2><strong>L&rsquo;h\u00f4tel adh\u00e8re au protocole de la r\u00e9gion EMILIA ROMAGNA pour les mesures de protection contre le COVID 19. (le d\u00e9cret peut \u00eatre soumis \u00e0 variation).\u00a0<\/strong><\/h2>\n<p><b>Chambres et espaces communs: <\/b>en plus des activit\u00e9s courantes de nettoyage, le personnel des chambres utilisent des produits d&rsquo;hygi\u00e8ne et de nettoyage renforc\u00e9s contre le virus et les bact\u00e9ries , conform\u00e9ment aux normes dict\u00e9es par le Minist\u00e8re de la sant\u00e9 publique. Le nettoyage et l\u2019hygi\u00e8ne des espaces communs int\u00e9rieurs et ext\u00e9rieurs, seront garantis \u00e0 interval r\u00e9gulier durant la journ\u00e9e et pour la s\u00e9curit\u00e9 individuelles des clients seront install\u00e9s des bornes automatiques pour le lavage des mains en plusieurs endroits.<\/p>\n<p><b>Restaurant: <\/b>les tables seront positionn\u00e9es de fa\u00e7on \u00e0 assurer la distance entre elles, jusqu\u2019\u00e0 ce que le num\u00e9ro des clients le permette, si le nombre de client est trop \u00e9lev\u00e9, nous organiserons 2 tourn\u00e9es pour les repas, choisissant l\u2019horaire en fonction des exigences des clients.<\/p>\n<p><strong>Piscine:<\/strong> la pr\u00e9sence de chlore et de produits d\u2019hygi\u00e8ne emp\u00eache au virus de vivre, l\u2019acc\u00e8s sera consenti et organis\u00e9 dans la limite de la place disponible.<br \/>\n<strong>\u00c9tablissement baln\u00e9aire :<\/strong> les parasols et les lits seront espac\u00e9s entre eux \u00e0 une distance d\u2019au moins 12 m\u00e8tres carr\u00e9s.<\/p>\n","protected":false},"excerpt":{"rendered":"<p>L&rsquo;h\u00f4tel adh\u00e8re au protocole de la r\u00e9gion EMILIA ROMAGNA pour les mesures de protection contre le COVID 19. (le d\u00e9cret peut \u00eatre soumis \u00e0 variation).\u00a0 Chambres et espaces communs: en plus des activit\u00e9s courantes de nettoyage, le personnel des chambres utilisent des produits d&rsquo;hygi\u00e8ne et de nettoyage renforc\u00e9s contre le virus et les bact\u00e9ries , conform\u00e9ment aux normes dict\u00e9es par le Minist\u00e8re de la sant\u00e9 publique. Le nettoyage et l\u2019hygi\u00e8ne &#8230;<\/p>\n","protected":false},"author":1,"featured_media":0,"parent":0,"menu_order":45,"comment_status":"closed","ping_status":"closed","template":"template\/template.offerte.php","meta":{"_acf_changed":false},"class_list":["post-542","page","type-page","status-publish","hentry"],"acf":[],"_links":{"self":[{"href":"https:\/\/www.hotelgradara.com\/fr\/wp-json\/wp\/v2\/pages\/542","targetHints":{"allow":["GET"]}}],"collection":[{"href":"https:\/\/www.hotelgradara.com\/fr\/wp-json\/wp\/v2\/pages"}],"about":[{"href":"https:\/\/www.hotelgradara.com\/fr\/wp-json\/wp\/v2\/types\/page"}],"author":[{"embeddable":true,"href":"https:\/\/www.hotelgradara.com\/fr\/wp-json\/wp\/v2\/users\/1"}],"replies":[{"embeddable":true,"href":"https:\/\/www.hotelgradara.com\/fr\/wp-json\/wp\/v2\/comments?post=542"}],"version-history":[{"count":0,"href":"https:\/\/www.hotelgradara.com\/fr\/wp-json\/wp\/v2\/pages\/542\/revisions"}],"wp:attachment":[{"href":"https:\/\/www.hotelgradara.com\/fr\/wp-json\/wp\/v2\/media?parent=542"}],"curies":[{"name":"wp","href":"https:\/\/api.w.org\/{rel}","templated":true}]}}