{"id":544,"date":"2020-05-28T08:57:13","date_gmt":"2020-05-28T06:57:13","guid":{"rendered":"https:\/\/www.hotelgradara.com\/tariffe\/"},"modified":"2026-02-03T14:42:43","modified_gmt":"2026-02-03T13:42:43","slug":"tarifs","status":"publish","type":"page","link":"https:\/\/www.hotelgradara.com\/fr\/tarifs\/","title":{"rendered":"Tarifs 2026"},"content":{"rendered":"<p>L&rsquo;H\u00f4tel Gradara, un h\u00f4tel 3 \u00e9toiles sup\u00e9rieur \u00e0 Bellaria Igea Marina, pour de vraies vacances tout compris !<\/p>\n<p><strong>La pension compl\u00e8te comprend:<\/strong><\/p>\n<ul>\n<li>Petit-d\u00e9jeuner buffet, d\u00e9jeuner et d\u00eener tr\u00e8s raffin\u00e9s avec service \u00e0 table (choix de menu 5 plats), buffetde l\u00e9gumes, accompagnements et salades fra\u00eeches, petits ap\u00e9ritifs, buffet de fruits et d\u00e9licieux desserts.<\/li>\n<li>Boissons comprises aux repas sans limitation (eau, vin, soda \u00e0 l&rsquo;orange, limonade, cola )<\/li>\n<\/ul>\n<p><strong>Notre h\u00f4tel vous offre gratuitement :<\/strong><\/p>\n<ul>\n<li>Ascenseur, bar, v\u00e9los pour les clients avec places de parking, massage au jet d&rsquo;eau avec eau chaude 30\u00b0, piscine, parking, salle TV, wi-fi<\/li>\n<\/ul>\n<p><strong>Dans toutes les chambres, vous trouverez :<\/strong><\/p>\n<ul>\n<li>Chambres r\u00e9nov\u00e9es, climatisation, chauffage, TV avec r\u00e9ception satellite, coffre-fort, cabine de douche dans la salle de bain, internet, balcon.<\/li>\n<\/ul>\n<p>L&rsquo;h\u00f4tel Gradara\u00a0<strong>supprime la liste des prix<\/strong> fin que le prix de l&rsquo;offre pour vos vacances puisse \u00eatre inf\u00e9rieur ou sup\u00e9rieur en fonction de la date de s\u00e9jour choisie et du mois au cours duquel vous effectuez votre r\u00e9servation. Vous serez inform\u00e9 du prix de vos vacances \u00e0 tout moment par t\u00e9l\u00e9phone, email ou lors de la r\u00e9servation en ligne.<\/p>\n<h4>R\u00e9duction pour les enfants dans les chambres avec 2 adultes:<\/h4>\n<ul>\n<li>Enfants de 0 \u00e0 2 ans gratuit<\/li>\n<li>Enfants de 2 \u00e0 4 ans 50% de r\u00e9duction<\/li>\n<li>Enfants de 5 \u00e0 10 ans 30% de r\u00e9duction<\/li>\n<li>Enfants de 11 \u00e0 14 ans 20% de r\u00e9duction<\/li>\n<\/ul>\n<p><strong>Plan sp\u00e9cial famille 2 + 2 = 3 \u00e0 14 ans<\/strong> (en chambre \u00e0 4 lits)<br \/>\n<strong>Demi-pension<\/strong> r\u00e9duction de 5 \u20ac par jour et par personne<\/p>\n<h4>Suppl\u00e9ments<\/h4>\n<ul>\n<li><strong>Chambre double \u00e0 usage individuel<\/strong> sur domande<\/li>\n<li><strong>Animaux de compagnie de petite et moyenne taille<\/strong> en suppl\u00e9ment de 5 \u20ac par jour<\/li>\n<\/ul>\n<h4>Taxe de s\u00e9jour<\/h4>\n<p>\u00c0 partir de 2025, la Commune de Bellaria &#8211; Igea Marina introduira la taxe de s\u00e9jour, qui sera pay\u00e9e en esp\u00e8ces et ne sera donc pas incluse dans le prix total qui vous sera communiqu\u00e9.<\/p>\n<p>TAXE DE S\u00c9JOUR 1,50 \u20ac PAR JOUR MAXIMUM 6 NUITS Les mineurs de moins de 18 ANS sont exempt\u00e9s du calcul<\/p>\n<h4>Check in &amp; check out<\/h4>\n<p>La chambre est \u00e0 la disposition du client \u00e0 partir de 12h00 le jour de l&rsquo;arriv\u00e9e et doit \u00eatre lib\u00e9r\u00e9e avant 10h00 le jour du d\u00e9part. Nous n&rsquo;accordons pas de remise pour la pension si un repas n&rsquo;est pas consomm\u00e9 \u00e0 l&rsquo;h\u00f4tel, un pique-nique peut \u00eatre servi \u00e0 la demande du client.<\/p>\n<p><strong>Heures de restauration :<\/strong><\/p>\n<p>Petit d\u00e9jeuner de 07:30 \u00e0 10:00<\/p>\n<p>D\u00e9jeuner \u00e0 partir de 12:30<\/p>\n<p>D\u00eener \u00e0 partir de 19:30<\/p>\n<h4>Conditions de r\u00e9servation:<\/h4>\n<p>Un d\u00e9p\u00f4t minimum de 300,00 \u20ac est requis lors de la confirmation de r\u00e9servation. En cas d&rsquo;annulation l&rsquo;acompte ne sera pas restitu\u00e9 mais gel\u00e9 ayant la possibilit\u00e9 de le r\u00e9cup\u00e9rer dans la saison en cours. Si la chambre r\u00e9serv\u00e9e n&rsquo;est pas occup\u00e9e \u00e0 la date convenue, ou si le client quitte les lieux avant cette date, le prix indiqu\u00e9 dans l&rsquo;offre sera factur\u00e9.<\/p>\n","protected":false},"excerpt":{"rendered":"<p>L&rsquo;H\u00f4tel Gradara, un h\u00f4tel 3 \u00e9toiles sup\u00e9rieur \u00e0 Bellaria Igea Marina, pour de vraies vacances tout compris ! La pension compl\u00e8te comprend: Petit-d\u00e9jeuner buffet, d\u00e9jeuner et d\u00eener tr\u00e8s raffin\u00e9s avec service \u00e0 table (choix de menu 5 plats), buffetde l\u00e9gumes, accompagnements et salades fra\u00eeches, petits ap\u00e9ritifs, buffet de fruits et d\u00e9licieux desserts. Boissons comprises aux repas sans limitation (eau, vin, soda \u00e0 l&rsquo;orange, limonade, cola ) Notre h\u00f4tel vous offre &#8230;<\/p>\n","protected":false},"author":1,"featured_media":0,"parent":0,"menu_order":2,"comment_status":"closed","ping_status":"closed","template":"","meta":{"_acf_changed":false},"class_list":["post-544","page","type-page","status-publish","hentry"],"acf":[],"_links":{"self":[{"href":"https:\/\/www.hotelgradara.com\/fr\/wp-json\/wp\/v2\/pages\/544","targetHints":{"allow":["GET"]}}],"collection":[{"href":"https:\/\/www.hotelgradara.com\/fr\/wp-json\/wp\/v2\/pages"}],"about":[{"href":"https:\/\/www.hotelgradara.com\/fr\/wp-json\/wp\/v2\/types\/page"}],"author":[{"embeddable":true,"href":"https:\/\/www.hotelgradara.com\/fr\/wp-json\/wp\/v2\/users\/1"}],"replies":[{"embeddable":true,"href":"https:\/\/www.hotelgradara.com\/fr\/wp-json\/wp\/v2\/comments?post=544"}],"version-history":[{"count":0,"href":"https:\/\/www.hotelgradara.com\/fr\/wp-json\/wp\/v2\/pages\/544\/revisions"}],"wp:attachment":[{"href":"https:\/\/www.hotelgradara.com\/fr\/wp-json\/wp\/v2\/media?parent=544"}],"curies":[{"name":"wp","href":"https:\/\/api.w.org\/{rel}","templated":true}]}}