{"id":74,"date":"2017-03-01T16:13:17","date_gmt":"2017-03-01T15:13:17","guid":{"rendered":"https:\/\/www.hotelgradara.com\/cookie-policy\/"},"modified":"2017-04-03T10:55:25","modified_gmt":"2017-04-03T08:55:25","slug":"cookie-policy","status":"publish","type":"page","link":"https:\/\/www.hotelgradara.com\/fr\/cookie-policy\/","title":{"rendered":"Cookie Policy"},"content":{"rendered":"<p>&nbsp;<\/p>\n<p style=\"clear: both;\"><strong>Note d\u2019information<\/strong><br \/>\nPour la r\u00e9alisation de ce site ou des outils tiers qui lui sont associ\u00e9s, les modalit\u00e9s de programmation qui ont \u00e9t\u00e9 adopt\u00e9es pr\u00e9voient l\u2019utilisation de cookies utiles au fonctionnement et aux finalit\u00e9s d\u00e9crits dans la politique de cookies, politique que nous vous invitons \u00e0 consulter pour un suppl\u00e9ment d\u2019informations ou pour nier votre consentement \u00e0 tous les cookies ou \u00e0 une partie d\u2019entre eux seulement. Poursuivant votre navigation sur ce site (fermant la pr\u00e9sente banni\u00e8re, cliquant sur un lien quelconque pr\u00e9sent sur la page, parcourant la page ou de toute autre fa\u00e7on quelconque) vous consentez \u00e0 l\u2019autorisation des cookies.<\/p>\n<p style=\"clear: both;\"><b><br \/>\n<\/b><strong>Note d\u2019information compl\u00e8te sur les cookies et leur utilisation <\/strong><br \/>\nLes cookies sont des parties de code de programmation, ins\u00e9r\u00e9s \u00e0 l\u2019int\u00e9rieur du navigateur, qui aident le propri\u00e9taire du site web \u00e0 fournir le service en fonction des buts d\u00e9crits. L\u2019utilisation de certains cookies peut n\u00e9cessiter le consentement de la part de l\u2019utilisateur.<br \/>\n<b><br \/>\n<\/b><strong>Cookies techniques et fonctionnels servant \u00e0 des fins statistiques <\/strong><\/p>\n<p><strong>\u2022 Activit\u00e9s n\u00e9cessaires au fonctionnement<\/strong><br \/>\nLe pr\u00e9sent site a recours \u00e0 des cookies pour enregistrer la session de l\u2019utilisateur et pour d\u2019autres activit\u00e9s utiles au fonctionnement du m\u00eame site comme, par exemple, la sauvegarde de donn\u00e9es sur le trafic.<\/p>\n<p><strong>\u2022 Activit\u00e9s d\u2019enregistrement des pr\u00e9f\u00e9rences, d\u2019optimisation et de statistique<\/strong><br \/>\nCe site utilise des cookies pour la sauvegarde des pr\u00e9f\u00e9rences de navigation et pour am\u00e9liorer votre exp\u00e9rience de navigation. Par exemple, la d\u00e9finition de la langue, de la devise ou encore la gestion des statistiques sont r\u00e9gl\u00e9es par des cookies.<\/p>\n<p><strong>Autres cookies ou outils tiers pouvant avoir recours \u00e0 des cookies<\/strong><br \/>\nNous vous indiquons ci-apr\u00e8s quelques services qui, acqu\u00e9rant des donn\u00e9es statistiques agr\u00e9g\u00e9es, ne n\u00e9cessitent pas de la demande de consentement explicite du navigateur ou peuvent \u00eatre g\u00e9r\u00e9s par le propri\u00e9taire du site sans l\u2019aide de parties tierces.<br \/>\n<b><br \/>\n<\/b><strong>\u2022 Affiliation commerciale<\/strong><br \/>\nLes services d\u2019affiliation commerciale font en sorte que ce site puisse visualiser des annonces de produits ou de services offerts par des parties tierces. Les annonces peuvent se pr\u00e9senter soit sous forme de liens publicitaires soit comme des banni\u00e8res ou d\u2019autres espaces publicitaires display. Les \u00e9ventuels clics effectu\u00e9s sur ces liens sont trac\u00e9s par les services tiers list\u00e9s ci-apr\u00e8s et partag\u00e9s avec ce site.<br \/>\nPour conna\u00eetre le type de donn\u00e9es qui sont collect\u00e9es, se rapporter aux politiques de confidentialit\u00e9 de chaque service.<\/p>\n<p><strong> \u2022 Interaction avec r\u00e9seaux sociaux et autres plates-formes externes<\/strong><br \/>\nCes services permettent d\u2019avoir, directement depuis les pages de ce site, des interactions avec les r\u00e9seaux sociaux ou avec d\u2019autres plates-formes externes qui, quoi qu\u2019il en soit, sont subordonn\u00e9es aux d\u00e9finitions de la protection de la vie priv\u00e9e de l\u2019utilisateur relatives \u00e0 chaque r\u00e9seau social. Si un service d\u2019interaction avec les r\u00e9seaux sociaux est install\u00e9, il se peut que le site collecte des donn\u00e9es de trafic relatives aux pages, m\u00eame si les utilisateurs ne devaient pas utiliser le service.<\/p>\n<p><strong>Google+<\/strong> : Bouton +1 et widget social (Google Inc.)<br \/>\nLe bouton +1 et les widgets sociaux de Google+ sont des services d\u2019interaction avec le r\u00e9seau social Google+, fournis par Google Inc.<br \/>\nDonn\u00e9es personnelles collect\u00e9es: cookies et donn\u00e9es d\u2019utilisation.<br \/>\nLieu du traitement: USA \u2013 <a href=\"http:\/\/www.google.com\/intl\/fr\/policies\/privacy\/\" target=\"_blank\">Politique de confidentialit\u00e9<br \/>\n<\/a><\/p>\n<p><strong>Facebook<\/strong> : Bouton J\u2019aime et widget social (Facebook, Inc.)<br \/>\nLe bouton \u201cJ\u2019aime \/ Like\u201d et les widgets sociaux de Facebook sont des services d\u2019interaction avec le r\u00e9seau social Facebook, fournis par Facebook, Inc.<br \/>\nDonn\u00e9es personnelles collect\u00e9es: cookies et donn\u00e9es d\u2019utilisation.<br \/>\nLieu du traitement: USA \u2013 <a href=\"https:\/\/fr-fr.facebook.com\/privacy\/explanation\" target=\"_blank\">Politique de confidentialit\u00e9<\/a><\/p>\n<p><b><br \/>\n<\/b><strong>Twitter<\/strong> : Bouton Tweet et widget social (Twitter, Inc.)<br \/>\nLe bouton Tweet et les widgets sociaux de Twitter sont des services d\u2019interaction avec le r\u00e9seau social Twitter, fournis par Twitter, Inc.<br \/>\nDonn\u00e9es personnelles collect\u00e9es: cookies et donn\u00e9es d\u2019utilisation.<br \/>\nLieu du traitement: USA \u2013 <a href=\"https:\/\/twitter.com\/privacy?lang=fr\" target=\"_blank\">Politique de confidentialit\u00e9<br \/>\n<\/a><\/p>\n<p><strong>\u2022 Services publicitaires<\/strong><br \/>\nLes services publicitaires permettent d\u2019utiliser les donn\u00e9es de l\u2019utilisateur \u00e0 des fins de propositions et de messages commerciaux sous plusieurs formes publicitaires, \u00e9galement bas\u00e9s sur les centres d\u2019int\u00e9r\u00eat de l\u2019utilisateur.<br \/>\nLes donn\u00e9es personnelles ne sont pas toutes utilis\u00e9es \u00e0 ces fins. Voir les donn\u00e9es et les conditions d\u2019utilisation ci-dessous.<br \/>\nCertains des services indiqu\u00e9s ci-apr\u00e8s peuvent recourir \u00e0 des cookies pour identifier l\u2019utilisateur ou pour lancer des actions de re-ciblage comportemental, c\u2019est-\u00e0-dire faire visualiser \u00e0 l\u2019utilisateur des messages publicitaires personnalis\u00e9s bas\u00e9s sur les centres d\u2019int\u00e9r\u00eat et les comportements de navigation du m\u00eame utilisateur. Des informations sur ces centres d\u2019int\u00e9r\u00eat et sur ces comportements peuvent \u00eatre \u00e9galement recueillies en dehors de ce site. Pour approfondir ce sujet et obtenir plus d\u2019informations, nous vous conseillons de consulter les politiques de confidentialit\u00e9 des services respectifs.<\/p>\n<p><strong>\u2022 Services statistiques<\/strong><br \/>\nLes services statistiques permettent au d\u00e9tenteur du traitement de la politique de confidentialit\u00e9 de contr\u00f4ler et d\u2019effectuer des analyses sur les donn\u00e9es de trafic ainsi que de garder trace du comportement de l\u2019utilisateur.<br \/>\nGoogle Analytics (Google Inc.)<br \/>\nGoogle Analytics est un service de suivi d\u2019analyse de donn\u00e9es web fourni par Google Inc. (\u201cGoogle\u201d). Google utilise les donn\u00e9es personnelles recueillies pour tracer et examiner l\u2019utilisation de ce site, r\u00e9diger des rapports et les partager avec les autres services de Google.<\/p>\n<p>Google pourrait utiliser les donn\u00e9es personnelles pour personnaliser et contextualiser les annonces de son propre r\u00e9seau publicitaire.<br \/>\nDonn\u00e9es personnelles collect\u00e9es: cookies et donn\u00e9es d\u2019utilisation.<br \/>\nLieu du traitement: USA \u2013<a href=\"http:\/\/www.google.com\/intl\/fr\/policies\/privacy\" target=\"_blank\"> Politique de confidentialit\u00e9 <\/a>\u2013 <a href=\"https:\/\/tools.google.com\/dlpage\/gaoptout?hl=fr\" target=\"_blank\">Option de retrait Opt-out<\/a><\/p>\n<p><b><br \/>\n<\/b><strong>\u2022 Contenus de plates-formes externes<\/strong><br \/>\nCes services permettent de visualiser et d\u2019interagir avec des contenus pr\u00e9sents sur des plates-formes externes directement depuis les pages de ce site.<br \/>\nDans ce cas, il se pourrait que, m\u00eame si les utilisateurs n\u2019utilisent pas le service, des donn\u00e9es de trafic relatives aux pages dans lesquelles il est install\u00e9 soient \u00e9galement recueillies.<br \/>\nGoogle Fonts (Google Inc.)<br \/>\nGoogle Fonts est un service de visualisation de polices de caract\u00e8res g\u00e9r\u00e9 par Google Inc. qui permet \u00e0 ce site de visualiser correctement les diff\u00e9rentes polices sur ses propres pages.<br \/>\nDonn\u00e9es personnelles collect\u00e9es: cookies et donn\u00e9es d\u2019utilisation.<br \/>\nLieu du traitement: USA \u2013 <a href=\"http:\/\/www.google.it\/intl\/fr\/policies\/privacy\" target=\"_blank\">Politique de confidentialit\u00e9<\/a><\/p>\n<p><strong> La gestion des cookies \u00e0 l\u2019int\u00e9rieur du navigateur<\/strong><br \/>\nL&rsquo;utilisateur a la facult\u00e9 de g\u00e9rer directement les pr\u00e9f\u00e9rences relatives aux cookies depuis son navigateur et non seulement d\u2019interdire que des tiers puissent en installer mais aussi d\u2019\u00e9liminer les cookies pr\u00e9alablement install\u00e9s, y compris celui dans lequel le consentement \u00e0 l\u2019installation de cookies de la part du site est sauvegard\u00e9. Dans le cas o\u00f9 tous les cookies soient d\u00e9sactiv\u00e9s, le fonctionnement de ce site pourrait \u00eatre compromis. Les informations relatives \u00e0 la gestion des cookies dans le navigateur sont disponibles aux adresses suivantes: <a href=\"https:\/\/support.google.com\/chrome\/answer\/95647?hl=fr&amp;p=cpn_cookies\" target=\"_blank\">Google Chrome<\/a>, <a href=\"https:\/\/support.mozilla.org\/fr\/kb\/activer-desactiver-cookies\" target=\"_blank\">Mozilla Firefox<\/a>, <a href=\"https:\/\/support.apple.com\/kb\/PH19214?viewlocale=fr_FR&amp;locale=en_US\" target=\"_blank\">Apple Safari<\/a> et <a href=\"http:\/\/windows.microsoft.com\/fr-fr\/windows-vista\/block-or-allow-cookies\" target=\"_blank\">Microsoft Windows Explorer.<\/a><\/p>\n<p><strong> D\u00e9tenteur du traitement des donn\u00e9es de protection de la vie priv\u00e9e:<\/strong><\/p>\n<h3>&#8230;&#8230;<br \/>\n<a href=\"mailto:info@matricenew.edita.it\">info@matricenew.edita.it<\/a><\/h3>\n<p style=\"clear: both;\">L&rsquo;installation de cookies et d\u2019autres syst\u00e8mes de tra\u00e7age effectu\u00e9e par des parties tierces par le biais des services internes de ce site ne peut pas \u00eatre techniquement contr\u00f4l\u00e9e par le d\u00e9tenteur; pour ce motif, toute r\u00e9f\u00e9rence \u00e0 des cookies et \u00e0 des syst\u00e8mes de tra\u00e7age install\u00e9s par des tiers est purement indicative. Il est n\u00e9cessaire de consulter la politique de confidentialit\u00e9 des services tiers list\u00e9s sur ce document pour disposer d\u2019informations compl\u00e8tes.<br \/>\nL\u2019utilisateur peut contacter le d\u00e9tenteur du traitement pour tout approfondissement sur l\u2019utilisation des cookies, voire par des parties tierces, pr\u00e9sents sur ce site.<\/p>\n<p><strong> Glossaire des d\u00e9finitions et des r\u00e9f\u00e9rences l\u00e9gales<\/strong><br \/>\n<strong>Donn\u00e9es personnelles (ou donn\u00e9es)<\/strong><br \/>\nEst d\u00e9finie \u00abdonn\u00e9e personnelle\u00bb toute information relative \u00e0 une personne physique, identifi\u00e9e ou pouvant \u00eatre identifi\u00e9e, m\u00eame indirectement, par r\u00e9f\u00e9rence \u00e0 toute autre information, y compris un num\u00e9ro d\u2019identification personnelle.<br \/>\n<strong>Donn\u00e9es d\u2019utilisation<\/strong><br \/>\nLes donn\u00e9es personnelles correspondent aux informations collect\u00e9es de mani\u00e8re automatique par le site (ou par les applications de parties tierces qui lui sont associ\u00e9es), parmi lesquelles: les adresses IP ou les noms de domaine des ordinateurs utilis\u00e9s par l\u2019utilisateur qui se connecte au site, les adresses URI (Uniform Resource Identifier), l\u2019heure de la demande, la m\u00e9thode utilis\u00e9e pour soumettre la demande au serveur, la taille du fichier de r\u00e9ponse, le code num\u00e9rique relatif \u00e0 l\u2019\u00e9tat de la r\u00e9ponse du serveur (erreur, succ\u00e8s, etc.), le pays de provenance, les caract\u00e9ristiques du navigateur et du syst\u00e8me d\u2019exploitation utilis\u00e9s par le visiteur, les diff\u00e9rentes informations de caract\u00e8re temporel de la visite (par exemple, le temps pass\u00e9 sur les pages) et les d\u00e9tails concernant le trac\u00e9 de navigation suivi \u00e0 l\u2019int\u00e9rieur du site: s\u00e9quence des pages visualis\u00e9es, syst\u00e8me d\u2019exploitation et environnement informatif de l\u2019utilisateur.<br \/>\n<strong>Utilisateur<\/strong><br \/>\nL&rsquo;individu qui utilise le site, qui doit co\u00efncider avec la personne int\u00e9ress\u00e9e ou \u00eatre autoris\u00e9 par celle-ci, et dont les donn\u00e9es personnelles font l\u2019objet du traitement.<br \/>\n<strong>Personne int\u00e9ress\u00e9e<\/strong><br \/>\nLa personne physique ou morale \u00e0 laquelle les donn\u00e9es personnelles se rapportent.<br \/>\n<strong>Responsable du traitement (ou responsable)<\/strong><br \/>\nLa personne physique, morale, l\u2019administration publique et tout autre organisme ou association pr\u00e9pos\u00e9s au traitement des donn\u00e9es personnelles par le d\u00e9tenteur, selon les dispositions de la pr\u00e9sente politique de confidentialit\u00e9.<br \/>\n<strong>D\u00e9tenteur du traitement (ou d\u00e9tenteur)<\/strong><br \/>\nLa personne physique, morale, l\u2019administration publique et tout autre organisme ou association auxquels appartiennent, voire avec un autre d\u00e9tenteur, les d\u00e9cisions concernant les finalit\u00e9s, les modalit\u00e9s du traitement de donn\u00e9es personnelles et les outils utilis\u00e9s, y compris le profil de la s\u00e9curit\u00e9, relativement au fonctionnement et \u00e0 la jouissance du site. Le d\u00e9tenteur du traitement, sous r\u00e9serve des sp\u00e9cifications contraires, est le propri\u00e9taire du site.<br \/>\n<strong>Site (application)<\/strong><br \/>\nL\u2019outil de logiciel (et le mat\u00e9riel associ\u00e9 correspondant) par le biais duquel les donn\u00e9es personnelles des utilisateurs sont collect\u00e9es.<br \/>\n<strong>Cookies<\/strong><br \/>\nPetite portion de donn\u00e9es conserv\u00e9e \u00e0 l\u2019int\u00e9rieur du dispositif de l\u2019utilisateur.<\/p>\n<p><strong> R\u00e9f\u00e9rence l\u00e9gales<\/strong><br \/>\nAvertissement pour les utilisateurs europ\u00e9ens: la pr\u00e9sente note d\u2019information est r\u00e9dig\u00e9e conform\u00e9ment aux obligations pr\u00e9vues par l\u2019Art. 10 de la Directive n\u00b0 95\/46\/CE, ainsi que par les dispositions de la Directive 2002\/58\/CE, telle que mise \u00e0 jour selon la Directive 2009\/136\/CE en mati\u00e8re de cookies.<br \/>\nCette note d\u2019information sur la protection de la vie priv\u00e9e concerne exclusivement ce site.<\/p>\n<p><span id=\"result_box\" lang=\"fr\"><span class=\"hps atn\">Pour plus d&rsquo;<\/span>informations sur la l\u00e9gislation <a href=\"http:\/\/www.garanteprivacy.it\/web\/guest\/home\/docweb\/-\/docweb-display\/docweb\/3118884?utm_source=NL_IT&amp;utm_medium=email&amp;utm_campaign=cookie\" target=\"_blank\"><span class=\"hps\">CLIQUEZ ICI<\/span><\/a><\/span><\/p>\n","protected":false},"excerpt":{"rendered":"<p>&nbsp; Note d\u2019information Pour la r\u00e9alisation de ce site ou des outils tiers qui lui sont associ\u00e9s, les modalit\u00e9s de programmation qui ont \u00e9t\u00e9 adopt\u00e9es pr\u00e9voient l\u2019utilisation de cookies utiles au fonctionnement et aux finalit\u00e9s d\u00e9crits dans la politique de cookies, politique que nous vous invitons \u00e0 consulter pour un suppl\u00e9ment d\u2019informations ou pour nier votre consentement \u00e0 tous les cookies ou \u00e0 une partie d\u2019entre eux seulement. Poursuivant votre &#8230;<\/p>\n","protected":false},"author":1,"featured_media":0,"parent":0,"menu_order":36,"comment_status":"closed","ping_status":"closed","template":"","meta":{"_acf_changed":false},"class_list":["post-74","page","type-page","status-publish","hentry"],"acf":[],"_links":{"self":[{"href":"https:\/\/www.hotelgradara.com\/fr\/wp-json\/wp\/v2\/pages\/74","targetHints":{"allow":["GET"]}}],"collection":[{"href":"https:\/\/www.hotelgradara.com\/fr\/wp-json\/wp\/v2\/pages"}],"about":[{"href":"https:\/\/www.hotelgradara.com\/fr\/wp-json\/wp\/v2\/types\/page"}],"author":[{"embeddable":true,"href":"https:\/\/www.hotelgradara.com\/fr\/wp-json\/wp\/v2\/users\/1"}],"replies":[{"embeddable":true,"href":"https:\/\/www.hotelgradara.com\/fr\/wp-json\/wp\/v2\/comments?post=74"}],"version-history":[{"count":0,"href":"https:\/\/www.hotelgradara.com\/fr\/wp-json\/wp\/v2\/pages\/74\/revisions"}],"wp:attachment":[{"href":"https:\/\/www.hotelgradara.com\/fr\/wp-json\/wp\/v2\/media?parent=74"}],"curies":[{"name":"wp","href":"https:\/\/api.w.org\/{rel}","templated":true}]}}